{"id":10015,"date":"2023-05-26T14:30:23","date_gmt":"2023-05-26T18:30:23","guid":{"rendered":"https:\/\/c55978fc42.nxcli.io\/?post_type=product&#038;p=10015"},"modified":"2026-03-03T01:21:38","modified_gmt":"2026-03-03T06:21:38","slug":"telecommande-sans-fil-3-boutons-100-m-emetteur-2-75x6-5-standard-iz","status":"publish","type":"product","link":"https:\/\/ezsecur.elsnerdev.com\/fr\/product\/telecommande-sans-fil-3-boutons-100-m-emetteur-2-75x6-5-standard-iz\/","title":{"rendered":"T\u00e9l\u00e9commande sans fil 3 boutons &#8211; \u00c9metteur et R\u00e9cepteur &#8211; STANDARD IZ"},"content":{"rendered":"<p>T\u00e9l\u00e9commande sans fil 3 boutons, incluant \u00e9metteur et r\u00e9cepteur.<br \/>\nDimensions \u00c9metteur 130 x 45 x 22 mm<br \/>\nDimensions R\u00e9cepteur 185 x 85 x 85 mm<br \/>\nDistance de contr\u00f4le : 100m<br \/>\nAlimentation \u00c9metteur : 2 piles AA, alcalines \/ rechargeables acceptables.<br \/>\nAlimentation R\u00e9cepteur: 12 \/ 24 VDC<br \/>\nPlage de temp\u00e9rature -35\u00b0C ~ +80\u00b0C.<br \/>\nBoitier renforc\u00e9 de fibre de verre, IP65 avec code de s\u00e9curit\u00e9.<br \/>\nIdentification des 3 boutons.<\/p>\n<p>Prix pour un Kit \u00c9metteur et R\u00e9cepteur<\/p>\n","protected":false},"excerpt":{"rendered":"<p>T\u00e9l\u00e9commande sans fil 3 boutons, incluant \u00e9metteur et r\u00e9cepteur. Dimensions \u00c9metteur 130 x 45 x 22 mm Dimensions R\u00e9cepteur 185 x 85 x 85 mm Distance<span class=\"excerpt-hellip\"> [\u2026]<\/span><\/p>\n","protected":false},"featured_media":27626,"template":"","meta":[],"product_brand":[],"product_cat":[389,391],"product_tag":[],"class_list":{"0":"post-10015","1":"product","2":"type-product","3":"status-publish","4":"has-post-thumbnail","6":"product_cat-signalisation-industrielle-et-circulation-sur-site","7":"product_cat-signalisation-dynamique-activee-a-distance-alimentation-solaire","8":"pa_organization-ezsecur","9":"pa_sku-std-telecom-emet-3bt-1-75x5-2","10":"pa_unit-un","12":"first","13":"instock","14":"taxable","15":"shipping-taxable","16":"purchasable","17":"product-type-simple"},"_links":{"self":[{"href":"https:\/\/ezsecur.elsnerdev.com\/fr\/wp-json\/wp\/v2\/product\/10015","targetHints":{"allow":["GET"]}}],"collection":[{"href":"https:\/\/ezsecur.elsnerdev.com\/fr\/wp-json\/wp\/v2\/product"}],"about":[{"href":"https:\/\/ezsecur.elsnerdev.com\/fr\/wp-json\/wp\/v2\/types\/product"}],"wp:featuredmedia":[{"embeddable":true,"href":"https:\/\/ezsecur.elsnerdev.com\/fr\/wp-json\/wp\/v2\/media\/27626"}],"wp:attachment":[{"href":"https:\/\/ezsecur.elsnerdev.com\/fr\/wp-json\/wp\/v2\/media?parent=10015"}],"wp:term":[{"taxonomy":"product_brand","embeddable":true,"href":"https:\/\/ezsecur.elsnerdev.com\/fr\/wp-json\/wp\/v2\/product_brand?post=10015"},{"taxonomy":"product_cat","embeddable":true,"href":"https:\/\/ezsecur.elsnerdev.com\/fr\/wp-json\/wp\/v2\/product_cat?post=10015"},{"taxonomy":"product_tag","embeddable":true,"href":"https:\/\/ezsecur.elsnerdev.com\/fr\/wp-json\/wp\/v2\/product_tag?post=10015"}],"curies":[{"name":"wp","href":"https:\/\/api.w.org\/{rel}","templated":true}]}}