{"id":10020,"date":"2023-05-27T02:27:42","date_gmt":"2023-05-27T06:27:42","guid":{"rendered":"https:\/\/c55978fc42.nxcli.io\/?post_type=product&#038;p=10020"},"modified":"2026-03-03T01:21:39","modified_gmt":"2026-03-03T06:21:39","slug":"barriere-verticale-a-ouverture-automatique-4x1x252-standard","status":"publish","type":"product","link":"https:\/\/ezsecur.elsnerdev.com\/fr\/product\/barriere-verticale-a-ouverture-automatique-4x1x252-standard\/","title":{"rendered":"Barri\u00e8re verticale \u00e0 ouverture automatique &#8211; 4x1x252 &#8211; STANDARD"},"content":{"rendered":"<p>*** Fabriqu\u00e9 au Qu\u00e9bec ***<\/p>\n<p>Barri\u00e8re manuelle de protection pour s\u00e9curiser un endroit ou une voie ferr\u00e9e<\/p>\n<ul>\n<li>Bras en acier peintur\u00e9 Noir<\/li>\n<li>Un kit de v\u00e9rin pour la lev\u00e9e et la descente de la barri\u00e8re,<\/li>\n<li>Syst\u00e8me de verrouillage lors de l\u2019\u00e9l\u00e9vation et de l\u2019abaissement<\/li>\n<li>D\u00e9tecteurs d&rsquo;objets en cas de pr\u00e9sence sous la barri\u00e8re lors de la fermeture<\/li>\n<li>Boitier de contr\u00f4le avec automate<\/li>\n<li>Barri\u00e8re en aluminium 4&Prime; x 1&Prime;\u00a0 inclut un vinyle grade diamant recto-verso rouge et blanc<\/li>\n<li>Option de longueur de barri\u00e8re : Longueur de la barri\u00e8re \u00e0 valider<\/li>\n<\/ul>\n<p>*** Installation sur une grande base de b\u00e9ton de 3500Lbs (non incluse) : STD-BAS-BET-3500<br \/>\n*** Option de d\u00e9tecteurs ou de t\u00e9l\u00e9commandes (non inclus)<\/p>\n","protected":false},"excerpt":{"rendered":"<p>*** Fabriqu\u00e9 au Qu\u00e9bec *** Barri\u00e8re manuelle de protection pour s\u00e9curiser un endroit ou une voie ferr\u00e9e Bras en acier peintur\u00e9 Noir Un kit de v\u00e9rin<span class=\"excerpt-hellip\"> [\u2026]<\/span><\/p>\n","protected":false},"featured_media":27627,"template":"","meta":[],"product_brand":[],"product_cat":[389,409],"product_tag":[],"class_list":{"0":"post-10020","1":"product","2":"type-product","3":"status-publish","4":"has-post-thumbnail","6":"product_cat-signalisation-industrielle-et-circulation-sur-site","7":"product_cat-barrieres-passages-pietons-mains-courantes","8":"pa_organization-ezsecur","9":"pa_sku-std-bar-vert-auto-4x1x252","10":"pa_unit-pcs","12":"first","13":"instock","14":"taxable","15":"shipping-taxable","16":"purchasable","17":"product-type-simple"},"_links":{"self":[{"href":"https:\/\/ezsecur.elsnerdev.com\/fr\/wp-json\/wp\/v2\/product\/10020","targetHints":{"allow":["GET"]}}],"collection":[{"href":"https:\/\/ezsecur.elsnerdev.com\/fr\/wp-json\/wp\/v2\/product"}],"about":[{"href":"https:\/\/ezsecur.elsnerdev.com\/fr\/wp-json\/wp\/v2\/types\/product"}],"wp:featuredmedia":[{"embeddable":true,"href":"https:\/\/ezsecur.elsnerdev.com\/fr\/wp-json\/wp\/v2\/media\/27627"}],"wp:attachment":[{"href":"https:\/\/ezsecur.elsnerdev.com\/fr\/wp-json\/wp\/v2\/media?parent=10020"}],"wp:term":[{"taxonomy":"product_brand","embeddable":true,"href":"https:\/\/ezsecur.elsnerdev.com\/fr\/wp-json\/wp\/v2\/product_brand?post=10020"},{"taxonomy":"product_cat","embeddable":true,"href":"https:\/\/ezsecur.elsnerdev.com\/fr\/wp-json\/wp\/v2\/product_cat?post=10020"},{"taxonomy":"product_tag","embeddable":true,"href":"https:\/\/ezsecur.elsnerdev.com\/fr\/wp-json\/wp\/v2\/product_tag?post=10020"}],"curies":[{"name":"wp","href":"https:\/\/api.w.org\/{rel}","templated":true}]}}