{"id":10064,"date":"2023-05-27T03:52:35","date_gmt":"2023-05-27T07:52:35","guid":{"rendered":"https:\/\/c55978fc42.nxcli.io\/?post_type=product&#038;p=10064"},"modified":"2026-03-03T01:21:43","modified_gmt":"2026-03-03T06:21:43","slug":"cadenassage-moraillon-en-zinc-et-vinyle-8-cadenas-dia1-standard","status":"publish","type":"product","link":"https:\/\/ezsecur.elsnerdev.com\/fr\/product\/cadenassage-moraillon-en-zinc-et-vinyle-8-cadenas-dia1-standard\/","title":{"rendered":"Cadenassage &#8211; Moraillon en zinc et vinyle 8 cadenas &#8211; DIA1 &#8211; STANDARD"},"content":{"rendered":"<p id=\"subvalue_PRODUCTCF11\" class=\"mL45 robotoRegular DV_textAreaLineClamp\" data-zcqa=\"value_Description - French\">Moraillon de cadenassage en alliage de zinc<\/p>\n<ul>\n<li class=\"mL45 robotoRegular DV_textAreaLineClamp\" data-zcqa=\"value_Description - French\">8 cadenas maximum.<\/li>\n<li>M\u00e2choire en acier, poign\u00e9e recouverte de vinyle rouge.<\/li>\n<li>Anse 1 pouce de diam\u00e8tre.<\/li>\n<li>Lot de 2.<\/li>\n<\/ul>\n<p>Option :<\/p>\n<ul>\n<li>Anse 1.5 pouce de diam\u00e8tre int\u00e9rieur : STD-141-ZHASP-1.5<\/li>\n<\/ul>\n","protected":false},"excerpt":{"rendered":"<p>Moraillon de cadenassage en alliage de zinc 8 cadenas maximum. M\u00e2choire en acier, poign\u00e9e recouverte de vinyle rouge. Anse 1 pouce de diam\u00e8tre. Lot de 2.<span class=\"excerpt-hellip\"> [\u2026]<\/span><\/p>\n","protected":false},"featured_media":27636,"template":"","meta":[],"product_brand":[],"product_cat":[425,438],"product_tag":[],"class_list":{"0":"post-10064","1":"product","2":"type-product","3":"status-publish","4":"has-post-thumbnail","6":"product_cat-securite-machine-verrouillage-cadenassage","7":"product_cat-dispositifs-de-verrouillage-et-de-cadenassage","8":"pa_organization-ezsecur","9":"pa_sku-std-140-zhasp-1","10":"pa_unit-pc","12":"first","13":"instock","14":"taxable","15":"shipping-taxable","16":"purchasable","17":"product-type-simple"},"_links":{"self":[{"href":"https:\/\/ezsecur.elsnerdev.com\/fr\/wp-json\/wp\/v2\/product\/10064","targetHints":{"allow":["GET"]}}],"collection":[{"href":"https:\/\/ezsecur.elsnerdev.com\/fr\/wp-json\/wp\/v2\/product"}],"about":[{"href":"https:\/\/ezsecur.elsnerdev.com\/fr\/wp-json\/wp\/v2\/types\/product"}],"wp:featuredmedia":[{"embeddable":true,"href":"https:\/\/ezsecur.elsnerdev.com\/fr\/wp-json\/wp\/v2\/media\/27636"}],"wp:attachment":[{"href":"https:\/\/ezsecur.elsnerdev.com\/fr\/wp-json\/wp\/v2\/media?parent=10064"}],"wp:term":[{"taxonomy":"product_brand","embeddable":true,"href":"https:\/\/ezsecur.elsnerdev.com\/fr\/wp-json\/wp\/v2\/product_brand?post=10064"},{"taxonomy":"product_cat","embeddable":true,"href":"https:\/\/ezsecur.elsnerdev.com\/fr\/wp-json\/wp\/v2\/product_cat?post=10064"},{"taxonomy":"product_tag","embeddable":true,"href":"https:\/\/ezsecur.elsnerdev.com\/fr\/wp-json\/wp\/v2\/product_tag?post=10064"}],"curies":[{"name":"wp","href":"https:\/\/api.w.org\/{rel}","templated":true}]}}