{"id":10088,"date":"2023-05-27T04:42:25","date_gmt":"2023-05-27T08:42:25","guid":{"rendered":"https:\/\/c55978fc42.nxcli.io\/?post_type=product&#038;p=10088"},"modified":"2026-03-03T01:21:48","modified_gmt":"2026-03-03T06:21:48","slug":"affiche-douche-oculaire-aluminium-0-064-vinyle-grade-ingenieur-lamine-glace-12x18-standard","status":"publish","type":"product","link":"https:\/\/ezsecur.elsnerdev.com\/fr\/product\/affiche-douche-oculaire-aluminium-0-064-vinyle-grade-ingenieur-lamine-glace-12x18-standard\/","title":{"rendered":"Affiche &#8211; Douche oculaire &#8211; Aluminium 0.064 &#8211; Vinyle grade ing\u00e9nieur lamin\u00e9 glac\u00e9 &#8211; 12&#215;18 &#8211; STANDARD"},"content":{"rendered":"<p>*** Fabriqu\u00e9 au Qu\u00e9bec ***<\/p>\n<pre id=\"subvalue_PRODUCTCF11\" class=\"mL45 robotoRegular DV_textAreaLineClamp\" data-zcqa=\"value_Description - French\">Fond gris, lettrage blanc, pictogramme vert. \r\nVisuel:\r\nDOUCHE OCULAIRE<\/pre>\n","protected":false},"excerpt":{"rendered":"<p>*** Fabriqu\u00e9 au Qu\u00e9bec *** Fond gris, lettrage blanc, pictogramme vert. Visuel: DOUCHE OCULAIRE<\/p>\n","protected":false},"featured_media":27640,"template":"","meta":[],"product_brand":[],"product_cat":[389,401],"product_tag":[],"class_list":{"0":"post-10088","1":"product","2":"type-product","3":"status-publish","4":"has-post-thumbnail","6":"product_cat-signalisation-industrielle-et-circulation-sur-site","7":"product_cat-affichage-industriel","8":"pa_organization-ezsecur","9":"pa_sku-std-aff-douch-ocu-064-ing-gla-12x18","10":"pa_unit-pcs","12":"first","13":"instock","14":"taxable","15":"shipping-taxable","16":"purchasable","17":"product-type-simple"},"_links":{"self":[{"href":"https:\/\/ezsecur.elsnerdev.com\/fr\/wp-json\/wp\/v2\/product\/10088","targetHints":{"allow":["GET"]}}],"collection":[{"href":"https:\/\/ezsecur.elsnerdev.com\/fr\/wp-json\/wp\/v2\/product"}],"about":[{"href":"https:\/\/ezsecur.elsnerdev.com\/fr\/wp-json\/wp\/v2\/types\/product"}],"wp:featuredmedia":[{"embeddable":true,"href":"https:\/\/ezsecur.elsnerdev.com\/fr\/wp-json\/wp\/v2\/media\/27640"}],"wp:attachment":[{"href":"https:\/\/ezsecur.elsnerdev.com\/fr\/wp-json\/wp\/v2\/media?parent=10088"}],"wp:term":[{"taxonomy":"product_brand","embeddable":true,"href":"https:\/\/ezsecur.elsnerdev.com\/fr\/wp-json\/wp\/v2\/product_brand?post=10088"},{"taxonomy":"product_cat","embeddable":true,"href":"https:\/\/ezsecur.elsnerdev.com\/fr\/wp-json\/wp\/v2\/product_cat?post=10088"},{"taxonomy":"product_tag","embeddable":true,"href":"https:\/\/ezsecur.elsnerdev.com\/fr\/wp-json\/wp\/v2\/product_tag?post=10088"}],"curies":[{"name":"wp","href":"https:\/\/api.w.org\/{rel}","templated":true}]}}