{"id":10092,"date":"2023-05-27T04:49:01","date_gmt":"2023-05-27T08:49:01","guid":{"rendered":"https:\/\/c55978fc42.nxcli.io\/?post_type=product&#038;p=10092"},"modified":"2026-03-03T01:21:48","modified_gmt":"2026-03-03T06:21:48","slug":"affiche-aire-de-stationnement-a-reculons-aluminium-0-064-vinyle-grade-ingenieur-imprime-lamine-glace-12x18-standard","status":"publish","type":"product","link":"https:\/\/ezsecur.elsnerdev.com\/fr\/product\/affiche-aire-de-stationnement-a-reculons-aluminium-0-064-vinyle-grade-ingenieur-imprime-lamine-glace-12x18-standard\/","title":{"rendered":"Affiche &#8211; Aire de stationnement \u00e0 reculons &#8211; Aluminium 0.064 &#8211; Vinyle Grade Ing\u00e9nieur Imprim\u00e9 Lamin\u00e9 Glac\u00e9 &#8211; 12&#215;18 &#8211; STANDARD"},"content":{"rendered":"<p>Affiche Aire de stationnement \u00e0 reculons<br \/>\nDimensions: 12&#215;18<br \/>\nAluminium 0.064\u00a0\u00bb (14GA)<br \/>\nVinyle grade ing\u00e9nieur<br \/>\nImpression encre UV<br \/>\nFond blanc, lettrage et pictogramme noir.<br \/>\nVisuel: PICTOGRAMME, RECULANT SEULEMENT.<\/p>\n<p>Prix \u00e0 l&rsquo;unit\u00e9<\/p>\n","protected":false},"excerpt":{"rendered":"<p>Affiche Aire de stationnement \u00e0 reculons Dimensions: 12&#215;18 Aluminium 0.064\u00a0\u00bb (14GA) Vinyle grade ing\u00e9nieur Impression encre UV Fond blanc, lettrage et pictogramme noir. Visuel: PICTOGRAMME, RECULANT<span class=\"excerpt-hellip\"> [\u2026]<\/span><\/p>\n","protected":false},"featured_media":27641,"template":"","meta":[],"product_brand":[],"product_cat":[389,401],"product_tag":[],"class_list":{"0":"post-10092","1":"product","2":"type-product","3":"status-publish","4":"has-post-thumbnail","6":"product_cat-signalisation-industrielle-et-circulation-sur-site","7":"product_cat-affichage-industriel","8":"pa_organization-ezsecur","9":"pa_sku-std-aff-airesta-reculons-064-ing-gla-12x18","10":"pa_unit-pcs","12":"first","13":"instock","14":"taxable","15":"shipping-taxable","16":"purchasable","17":"product-type-simple"},"_links":{"self":[{"href":"https:\/\/ezsecur.elsnerdev.com\/fr\/wp-json\/wp\/v2\/product\/10092","targetHints":{"allow":["GET"]}}],"collection":[{"href":"https:\/\/ezsecur.elsnerdev.com\/fr\/wp-json\/wp\/v2\/product"}],"about":[{"href":"https:\/\/ezsecur.elsnerdev.com\/fr\/wp-json\/wp\/v2\/types\/product"}],"wp:featuredmedia":[{"embeddable":true,"href":"https:\/\/ezsecur.elsnerdev.com\/fr\/wp-json\/wp\/v2\/media\/27641"}],"wp:attachment":[{"href":"https:\/\/ezsecur.elsnerdev.com\/fr\/wp-json\/wp\/v2\/media?parent=10092"}],"wp:term":[{"taxonomy":"product_brand","embeddable":true,"href":"https:\/\/ezsecur.elsnerdev.com\/fr\/wp-json\/wp\/v2\/product_brand?post=10092"},{"taxonomy":"product_cat","embeddable":true,"href":"https:\/\/ezsecur.elsnerdev.com\/fr\/wp-json\/wp\/v2\/product_cat?post=10092"},{"taxonomy":"product_tag","embeddable":true,"href":"https:\/\/ezsecur.elsnerdev.com\/fr\/wp-json\/wp\/v2\/product_tag?post=10092"}],"curies":[{"name":"wp","href":"https:\/\/api.w.org\/{rel}","templated":true}]}}