{"id":10112,"date":"2023-05-27T05:32:57","date_gmt":"2023-05-27T09:32:57","guid":{"rendered":"https:\/\/c55978fc42.nxcli.io\/?post_type=product&#038;p=10112"},"modified":"2026-03-03T01:21:49","modified_gmt":"2026-03-03T06:21:49","slug":"affiche-traverse-de-pietons-aluminium-0-064-vinyle-grade-ingenieur-imprime-lamine-glace-12x18-standard-iz","status":"publish","type":"product","link":"https:\/\/ezsecur.elsnerdev.com\/fr\/product\/affiche-traverse-de-pietons-aluminium-0-064-vinyle-grade-ingenieur-imprime-lamine-glace-12x18-standard-iz\/","title":{"rendered":"Affiche &#8211; Traverse de pi\u00e9tons &#8211; Aluminium 0.064 &#8211; Vinyle Grade ing\u00e9nieur imprim\u00e9 lamin\u00e9 glac\u00e9 &#8211; 12&#215;18 &#8211; STANDARD IZ"},"content":{"rendered":"<p>*** Fabriqu\u00e9 au Qu\u00e9bec ***<\/p>\n<pre id=\"subvalue_PRODUCTCF11\" class=\"mL45 robotoRegular DV_textAreaLineClamp\" data-zcqa=\"value_Description - French\">Affiche en aluminium 0.064, vinyle grade ing\u00e9nieur imprim\u00e9 lamin\u00e9 glac\u00e9.\r\nFond blanc, pictogramme jaune et noir.\r\nATTENTION TRAVERSE DE PI\u00c9TONS<\/pre>\n","protected":false},"excerpt":{"rendered":"<p>*** Fabriqu\u00e9 au Qu\u00e9bec *** Affiche en aluminium 0.064, vinyle grade ing\u00e9nieur imprim\u00e9 lamin\u00e9 glac\u00e9. Fond blanc, pictogramme jaune et noir. ATTENTION TRAVERSE DE PI\u00c9TONS<\/p>\n","protected":false},"featured_media":27643,"template":"","meta":[],"product_brand":[],"product_cat":[2626,389,405],"product_tag":[],"class_list":{"0":"post-10112","1":"product","2":"type-product","3":"status-publish","4":"has-post-thumbnail","6":"product_cat-signalisation-de-danger","7":"product_cat-signalisation-industrielle-et-circulation-sur-site","8":"product_cat-panneaux-de-signalisation-routiere","9":"pa_organization-ezsecur","10":"pa_sku-std-aff-tra-pie-064-ing-gla-12x18","11":"pa_unit-pcs","13":"first","14":"instock","15":"taxable","16":"shipping-taxable","17":"purchasable","18":"product-type-simple"},"_links":{"self":[{"href":"https:\/\/ezsecur.elsnerdev.com\/fr\/wp-json\/wp\/v2\/product\/10112","targetHints":{"allow":["GET"]}}],"collection":[{"href":"https:\/\/ezsecur.elsnerdev.com\/fr\/wp-json\/wp\/v2\/product"}],"about":[{"href":"https:\/\/ezsecur.elsnerdev.com\/fr\/wp-json\/wp\/v2\/types\/product"}],"wp:featuredmedia":[{"embeddable":true,"href":"https:\/\/ezsecur.elsnerdev.com\/fr\/wp-json\/wp\/v2\/media\/27643"}],"wp:attachment":[{"href":"https:\/\/ezsecur.elsnerdev.com\/fr\/wp-json\/wp\/v2\/media?parent=10112"}],"wp:term":[{"taxonomy":"product_brand","embeddable":true,"href":"https:\/\/ezsecur.elsnerdev.com\/fr\/wp-json\/wp\/v2\/product_brand?post=10112"},{"taxonomy":"product_cat","embeddable":true,"href":"https:\/\/ezsecur.elsnerdev.com\/fr\/wp-json\/wp\/v2\/product_cat?post=10112"},{"taxonomy":"product_tag","embeddable":true,"href":"https:\/\/ezsecur.elsnerdev.com\/fr\/wp-json\/wp\/v2\/product_tag?post=10112"}],"curies":[{"name":"wp","href":"https:\/\/api.w.org\/{rel}","templated":true}]}}