{"id":10116,"date":"2023-05-27T06:23:21","date_gmt":"2023-05-27T10:23:21","guid":{"rendered":"https:\/\/c55978fc42.nxcli.io\/?post_type=product&#038;p=10116"},"modified":"2026-03-03T01:21:50","modified_gmt":"2026-03-03T06:21:50","slug":"affiche-pieton-passage-aluminium-0-064-vinyle-grade-ingenieur-imprime-lamine-glace-18x24-standard-iz","status":"publish","type":"product","link":"https:\/\/ezsecur.elsnerdev.com\/fr\/product\/affiche-pieton-passage-aluminium-0-064-vinyle-grade-ingenieur-imprime-lamine-glace-18x24-standard-iz\/","title":{"rendered":"Affiche &#8211; Pi\u00e9ton Passage &#8211; Aluminium 0.064 &#8211; Vinyle Grade ing\u00e9nieur imprim\u00e9 lamin\u00e9 glac\u00e9 &#8211; 18&#215;24 &#8211; STANDARD IZ"},"content":{"rendered":"<pre id=\"subvalue_PRODUCTCF11\" class=\"mL45 robotoRegular DV_textAreaLineClamp\" data-zcqa=\"value_Description - French\">Affiche en aluminium 0.064, vinyle grade ing\u00e9nieur imprim\u00e9 lamin\u00e9 glac\u00e9.\r\nFond blanc, pictogramme noir.\r\n4 coins arrondis\r\nPIETON<\/pre>\n","protected":false},"excerpt":{"rendered":"<p>Affiche en aluminium 0.064, vinyle grade ing\u00e9nieur imprim\u00e9 lamin\u00e9 glac\u00e9. Fond blanc, pictogramme noir. 4 coins arrondis PIETON<\/p>\n","protected":false},"featured_media":27644,"template":"","meta":[],"product_brand":[],"product_cat":[2626,389,405],"product_tag":[],"class_list":{"0":"post-10116","1":"product","2":"type-product","3":"status-publish","4":"has-post-thumbnail","6":"product_cat-signalisation-de-danger","7":"product_cat-signalisation-industrielle-et-circulation-sur-site","8":"product_cat-panneaux-de-signalisation-routiere","9":"pa_organization-ezsecur","10":"pa_sku-std-aff-pie-064-ing-gla-18x24","11":"pa_unit-pcs","13":"first","14":"instock","15":"taxable","16":"shipping-taxable","17":"purchasable","18":"product-type-simple"},"_links":{"self":[{"href":"https:\/\/ezsecur.elsnerdev.com\/fr\/wp-json\/wp\/v2\/product\/10116","targetHints":{"allow":["GET"]}}],"collection":[{"href":"https:\/\/ezsecur.elsnerdev.com\/fr\/wp-json\/wp\/v2\/product"}],"about":[{"href":"https:\/\/ezsecur.elsnerdev.com\/fr\/wp-json\/wp\/v2\/types\/product"}],"wp:featuredmedia":[{"embeddable":true,"href":"https:\/\/ezsecur.elsnerdev.com\/fr\/wp-json\/wp\/v2\/media\/27644"}],"wp:attachment":[{"href":"https:\/\/ezsecur.elsnerdev.com\/fr\/wp-json\/wp\/v2\/media?parent=10116"}],"wp:term":[{"taxonomy":"product_brand","embeddable":true,"href":"https:\/\/ezsecur.elsnerdev.com\/fr\/wp-json\/wp\/v2\/product_brand?post=10116"},{"taxonomy":"product_cat","embeddable":true,"href":"https:\/\/ezsecur.elsnerdev.com\/fr\/wp-json\/wp\/v2\/product_cat?post=10116"},{"taxonomy":"product_tag","embeddable":true,"href":"https:\/\/ezsecur.elsnerdev.com\/fr\/wp-json\/wp\/v2\/product_tag?post=10116"}],"curies":[{"name":"wp","href":"https:\/\/api.w.org\/{rel}","templated":true}]}}