{"id":10124,"date":"2023-05-27T06:54:41","date_gmt":"2023-05-27T10:54:41","guid":{"rendered":"https:\/\/c55978fc42.nxcli.io\/?post_type=product&#038;p=10124"},"modified":"2026-03-03T01:21:50","modified_gmt":"2026-03-03T06:21:50","slug":"affiche-surveillance-par-camera-aluminium-0-064-vinyle-regulier-imprime-lamine-glace-18x12-standard","status":"publish","type":"product","link":"https:\/\/ezsecur.elsnerdev.com\/fr\/product\/affiche-surveillance-par-camera-aluminium-0-064-vinyle-regulier-imprime-lamine-glace-18x12-standard\/","title":{"rendered":"Affiche &#8211; Surveillance par cam\u00e9ra &#8211; Aluminium 0.064 &#8211; Vinyle Grade Ing\u00e9nieur impression UV &#8211; 18&#215;12 &#8211; STANDARD"},"content":{"rendered":"<p>Affiche surveillance par cam\u00e9ra<br \/>\nDimensions 18&#215;12<br \/>\nAluminium 0.064<br \/>\nVinyle haute intensit\u00e9<br \/>\nFond blanc<br \/>\nLettrage noir avec pictogrammes<\/p>\n<p>Prix \u00e0 l&rsquo;unit\u00e9<\/p>\n","protected":false},"excerpt":{"rendered":"<p>Affiche surveillance par cam\u00e9ra Dimensions 18&#215;12 Aluminium 0.064 Vinyle haute intensit\u00e9 Fond blanc Lettrage noir avec pictogrammes Prix \u00e0 l&rsquo;unit\u00e9<\/p>\n","protected":false},"featured_media":27645,"template":"","meta":[],"product_brand":[],"product_cat":[389,401],"product_tag":[],"class_list":{"0":"post-10124","1":"product","2":"type-product","3":"status-publish","4":"has-post-thumbnail","6":"product_cat-signalisation-industrielle-et-circulation-sur-site","7":"product_cat-affichage-industriel","8":"pa_organization-ezsecur","9":"pa_sku-std-aff-cam-064-ing-gla-18x12","10":"pa_unit-pcs","12":"first","13":"instock","14":"taxable","15":"shipping-taxable","16":"purchasable","17":"product-type-simple"},"_links":{"self":[{"href":"https:\/\/ezsecur.elsnerdev.com\/fr\/wp-json\/wp\/v2\/product\/10124","targetHints":{"allow":["GET"]}}],"collection":[{"href":"https:\/\/ezsecur.elsnerdev.com\/fr\/wp-json\/wp\/v2\/product"}],"about":[{"href":"https:\/\/ezsecur.elsnerdev.com\/fr\/wp-json\/wp\/v2\/types\/product"}],"wp:featuredmedia":[{"embeddable":true,"href":"https:\/\/ezsecur.elsnerdev.com\/fr\/wp-json\/wp\/v2\/media\/27645"}],"wp:attachment":[{"href":"https:\/\/ezsecur.elsnerdev.com\/fr\/wp-json\/wp\/v2\/media?parent=10124"}],"wp:term":[{"taxonomy":"product_brand","embeddable":true,"href":"https:\/\/ezsecur.elsnerdev.com\/fr\/wp-json\/wp\/v2\/product_brand?post=10124"},{"taxonomy":"product_cat","embeddable":true,"href":"https:\/\/ezsecur.elsnerdev.com\/fr\/wp-json\/wp\/v2\/product_cat?post=10124"},{"taxonomy":"product_tag","embeddable":true,"href":"https:\/\/ezsecur.elsnerdev.com\/fr\/wp-json\/wp\/v2\/product_tag?post=10124"}],"curies":[{"name":"wp","href":"https:\/\/api.w.org\/{rel}","templated":true}]}}