{"id":10130,"date":"2023-05-27T11:23:03","date_gmt":"2023-05-27T15:23:03","guid":{"rendered":"https:\/\/c55978fc42.nxcli.io\/?post_type=product&#038;p=10130"},"modified":"2026-03-03T01:21:51","modified_gmt":"2026-03-03T06:21:51","slug":"affiche-point-de-rassemblement-aluminium-0-064-vinyle-regulier-imprime-lamine-glace-24x36-standard","status":"publish","type":"product","link":"https:\/\/ezsecur.elsnerdev.com\/fr\/product\/affiche-point-de-rassemblement-aluminium-0-064-vinyle-regulier-imprime-lamine-glace-24x36-standard\/","title":{"rendered":"Affiche &#8211; Point de rassemblement &#8211; Aluminium 0.080 &#8211; Vinyle grade ing\u00e9nieur Imprim\u00e9 Lamin\u00e9 Glac\u00e9 &#8211; 24&#215;36 &#8211; STANDARD"},"content":{"rendered":"<p>Affiche lieu de rassemblement<br \/>\nDimensions 24&#215;36<br \/>\nAluminium 080<br \/>\nVinyle grade ing\u00e9nieur<br \/>\nImpression UV<br \/>\nCoins arrondis<br \/>\nFond vert, lettrage blanc avec pictogramme<br \/>\nContours blancs<\/p>\n<p>Prix \u00e0 l&rsquo;unit\u00e9<\/p>\n","protected":false},"excerpt":{"rendered":"<p>Affiche lieu de rassemblement Dimensions 24&#215;36 Aluminium 080 Vinyle grade ing\u00e9nieur Impression UV Coins arrondis Fond vert, lettrage blanc avec pictogramme Contours blancs Prix \u00e0 l&rsquo;unit\u00e9<\/p>\n","protected":false},"featured_media":27646,"template":"","meta":[],"product_brand":[],"product_cat":[2625,389,405],"product_tag":[],"class_list":{"0":"post-10130","1":"product","2":"type-product","3":"status-publish","4":"has-post-thumbnail","6":"product_cat-signalisation-dindication","7":"product_cat-signalisation-industrielle-et-circulation-sur-site","8":"product_cat-panneaux-de-signalisation-routiere","9":"pa_organization-ezsecur","10":"pa_sku-std-aff-ras-064-ing-gla-24x36","11":"pa_unit-pcs","13":"first","14":"instock","15":"taxable","16":"shipping-taxable","17":"purchasable","18":"product-type-simple"},"_links":{"self":[{"href":"https:\/\/ezsecur.elsnerdev.com\/fr\/wp-json\/wp\/v2\/product\/10130","targetHints":{"allow":["GET"]}}],"collection":[{"href":"https:\/\/ezsecur.elsnerdev.com\/fr\/wp-json\/wp\/v2\/product"}],"about":[{"href":"https:\/\/ezsecur.elsnerdev.com\/fr\/wp-json\/wp\/v2\/types\/product"}],"wp:featuredmedia":[{"embeddable":true,"href":"https:\/\/ezsecur.elsnerdev.com\/fr\/wp-json\/wp\/v2\/media\/27646"}],"wp:attachment":[{"href":"https:\/\/ezsecur.elsnerdev.com\/fr\/wp-json\/wp\/v2\/media?parent=10130"}],"wp:term":[{"taxonomy":"product_brand","embeddable":true,"href":"https:\/\/ezsecur.elsnerdev.com\/fr\/wp-json\/wp\/v2\/product_brand?post=10130"},{"taxonomy":"product_cat","embeddable":true,"href":"https:\/\/ezsecur.elsnerdev.com\/fr\/wp-json\/wp\/v2\/product_cat?post=10130"},{"taxonomy":"product_tag","embeddable":true,"href":"https:\/\/ezsecur.elsnerdev.com\/fr\/wp-json\/wp\/v2\/product_tag?post=10130"}],"curies":[{"name":"wp","href":"https:\/\/api.w.org\/{rel}","templated":true}]}}