{"id":10142,"date":"2023-05-27T11:57:42","date_gmt":"2023-05-27T15:57:42","guid":{"rendered":"https:\/\/c55978fc42.nxcli.io\/?post_type=product&#038;p=10142"},"modified":"2026-03-03T01:21:52","modified_gmt":"2026-03-03T06:21:52","slug":"butoir-de-stationnement-72-standard","status":"publish","type":"product","link":"https:\/\/ezsecur.elsnerdev.com\/fr\/product\/butoir-de-stationnement-72-standard\/","title":{"rendered":"Butoir de stationnement &#8211; 72 &#8211; STANDARD"},"content":{"rendered":"<pre id=\"subvalue_PRODUCTCF11\" class=\"mL45 robotoRegular DV_textAreaLineClamp\" data-zcqa=\"value_Description - French\">Butoir de stationnement noir avec bandes jaune r\u00e9fl\u00e9chissantes\r\n72 pouces de long\r\nN\u00e9cessite 4 clous (vendus s\u00e9par\u00e9ment).<\/pre>\n","protected":false},"excerpt":{"rendered":"<p>Butoir de stationnement noir avec bandes jaune r\u00e9fl\u00e9chissantes 72 pouces de long N\u00e9cessite 4 clous (vendus s\u00e9par\u00e9ment).<\/p>\n","protected":false},"featured_media":27648,"template":"","meta":[],"product_brand":[],"product_cat":[389,421],"product_tag":[],"class_list":{"0":"post-10142","1":"product","2":"type-product","3":"status-publish","4":"has-post-thumbnail","6":"product_cat-signalisation-industrielle-et-circulation-sur-site","7":"product_cat-poteaux-supports-bases-accessoires","8":"pa_organization-ezsecur","9":"pa_sku-std-but-stat-72","10":"pa_unit-pcs","12":"first","13":"instock","14":"taxable","15":"shipping-taxable","16":"purchasable","17":"product-type-simple"},"_links":{"self":[{"href":"https:\/\/ezsecur.elsnerdev.com\/fr\/wp-json\/wp\/v2\/product\/10142","targetHints":{"allow":["GET"]}}],"collection":[{"href":"https:\/\/ezsecur.elsnerdev.com\/fr\/wp-json\/wp\/v2\/product"}],"about":[{"href":"https:\/\/ezsecur.elsnerdev.com\/fr\/wp-json\/wp\/v2\/types\/product"}],"wp:featuredmedia":[{"embeddable":true,"href":"https:\/\/ezsecur.elsnerdev.com\/fr\/wp-json\/wp\/v2\/media\/27648"}],"wp:attachment":[{"href":"https:\/\/ezsecur.elsnerdev.com\/fr\/wp-json\/wp\/v2\/media?parent=10142"}],"wp:term":[{"taxonomy":"product_brand","embeddable":true,"href":"https:\/\/ezsecur.elsnerdev.com\/fr\/wp-json\/wp\/v2\/product_brand?post=10142"},{"taxonomy":"product_cat","embeddable":true,"href":"https:\/\/ezsecur.elsnerdev.com\/fr\/wp-json\/wp\/v2\/product_cat?post=10142"},{"taxonomy":"product_tag","embeddable":true,"href":"https:\/\/ezsecur.elsnerdev.com\/fr\/wp-json\/wp\/v2\/product_tag?post=10142"}],"curies":[{"name":"wp","href":"https:\/\/api.w.org\/{rel}","templated":true}]}}