{"id":10166,"date":"2023-05-27T13:53:33","date_gmt":"2023-05-27T17:53:33","guid":{"rendered":"https:\/\/c55978fc42.nxcli.io\/?post_type=product&#038;p=10166"},"modified":"2026-03-03T01:21:54","modified_gmt":"2026-03-03T06:21:54","slug":"radar-pedagogique-alimentation-solaire-standard","status":"publish","type":"product","link":"https:\/\/ezsecur.elsnerdev.com\/fr\/product\/radar-pedagogique-alimentation-solaire-standard\/","title":{"rendered":"Radar p\u00e9dagogique &#8211; Evolution &#8211; Alimentation solaire &#8211; STANDARD"},"content":{"rendered":"<p>\u00c9volution du radar STD-RAD-SOL. Dispose de plus d&rsquo;options et permet de d\u00e9tecter la vitesse d&rsquo;un v\u00e9hicule plus loin.<\/p>\n<p>Dimensions de l\u2019affiche et du boitier 23\u201d x 29\u201d x 3 1\/2\u201d;<br \/>\n&#8211; Boitier en aluminium 12 Ga, \u00e9tanche et ventil\u00e9;<br \/>\n&#8211; Afficheur digital DEL, taille du lettrage 12\u201d;<br \/>\n&#8211; Lumi\u00e8re de d\u00e9passement de vitesse;<br \/>\n&#8211; Capteur de luminosit\u00e9 ambiante et ajustement automatique d\u2019intensit\u00e9;<br \/>\n&#8211; Affiche fond jaune en vinyle grade diamant, lettrage \u201cVotre vitesse\u201d;<br \/>\n&#8211; Kit solaire avec panneau 50W, 1 x batteries 4 cel, contr\u00f4leur, connecteur, c\u00e2bles (Autonomie sans soleil, 10 \u00e0 20 jours selon la circulation)<br \/>\n&#8211; Radar doppler, d\u00e9tection jusqu\u2019\u00e0 300pi;<br \/>\n&#8211; Affichage de vitesse \u00e0 3 chiffres;<br \/>\n-Changement de couleur des chiffres activ\u00e9 par la vitesse (bicolore)<br \/>\n&#8211; Programme de gestion standard, connexion Blue-Tooth, vitesses limites, clignotants, lumi\u00e8re<br \/>\nstroboscopique;<br \/>\n&#8211; Capture des statistiques via blue tooth;<br \/>\n&#8211; Temp\u00e9ratures limites de fonctionnement: -40C \u00e0 85C;<br \/>\n&#8211; Kit d\u2019installation standard avec collier de serrage;<br \/>\n&#8211; Garantie 2 ans panneau, 1 an batterie.<\/p>\n","protected":false},"excerpt":{"rendered":"<p>\u00c9volution du radar STD-RAD-SOL. Dispose de plus d&rsquo;options et permet de d\u00e9tecter la vitesse d&rsquo;un v\u00e9hicule plus loin. Dimensions de l\u2019affiche et du boitier 23\u201d x<span class=\"excerpt-hellip\"> [\u2026]<\/span><\/p>\n","protected":false},"featured_media":27652,"template":"","meta":[],"product_brand":[],"product_cat":[389,391],"product_tag":[],"class_list":{"0":"post-10166","1":"product","2":"type-product","3":"status-publish","4":"has-post-thumbnail","6":"product_cat-signalisation-industrielle-et-circulation-sur-site","7":"product_cat-signalisation-dynamique-activee-a-distance-alimentation-solaire","8":"pa_organization-ezsecur","9":"pa_sku-std-rad-sol-ev12","10":"pa_unit-pcs","12":"first","13":"instock","14":"taxable","15":"shipping-taxable","16":"purchasable","17":"product-type-simple"},"_links":{"self":[{"href":"https:\/\/ezsecur.elsnerdev.com\/fr\/wp-json\/wp\/v2\/product\/10166","targetHints":{"allow":["GET"]}}],"collection":[{"href":"https:\/\/ezsecur.elsnerdev.com\/fr\/wp-json\/wp\/v2\/product"}],"about":[{"href":"https:\/\/ezsecur.elsnerdev.com\/fr\/wp-json\/wp\/v2\/types\/product"}],"wp:featuredmedia":[{"embeddable":true,"href":"https:\/\/ezsecur.elsnerdev.com\/fr\/wp-json\/wp\/v2\/media\/27652"}],"wp:attachment":[{"href":"https:\/\/ezsecur.elsnerdev.com\/fr\/wp-json\/wp\/v2\/media?parent=10166"}],"wp:term":[{"taxonomy":"product_brand","embeddable":true,"href":"https:\/\/ezsecur.elsnerdev.com\/fr\/wp-json\/wp\/v2\/product_brand?post=10166"},{"taxonomy":"product_cat","embeddable":true,"href":"https:\/\/ezsecur.elsnerdev.com\/fr\/wp-json\/wp\/v2\/product_cat?post=10166"},{"taxonomy":"product_tag","embeddable":true,"href":"https:\/\/ezsecur.elsnerdev.com\/fr\/wp-json\/wp\/v2\/product_tag?post=10166"}],"curies":[{"name":"wp","href":"https:\/\/api.w.org\/{rel}","templated":true}]}}