{"id":10192,"date":"2023-05-27T14:25:13","date_gmt":"2023-05-27T18:25:13","guid":{"rendered":"https:\/\/c55978fc42.nxcli.io\/?post_type=product&#038;p=10192"},"modified":"2026-03-03T01:21:54","modified_gmt":"2026-03-03T06:21:54","slug":"cadenas-a-cle-differente-1-5x1-8x0-8-standard","status":"publish","type":"product","link":"https:\/\/ezsecur.elsnerdev.com\/fr\/product\/cadenas-a-cle-differente-1-5x1-8x0-8-standard\/","title":{"rendered":"Cadenas \u00e0 cl\u00e9 diff\u00e9rente &#8211; 1.5&#215;1.8&#215;0.8 &#8211; STANDARD"},"content":{"rendered":"<p>Cadenas en plastique,<br \/>\nArceau de 1.5po avec choix de mat\u00e9riel: acier, aluminium, nylon ou stainless steel<br \/>\nCouleurs au choix: rouge, jaune, bleu p\u00e2le, bleu fonc\u00e9, vert, orange, rose, brun, noir, blanc ou gris<br \/>\ninclus un autocollant personnalis\u00e9 de 1&Prime;x1&Prime; sur le devant.<br \/>\nCadenas \u00e0 cl\u00e9 diff\u00e9rente pour chaque unit\u00e9:<br \/>\nChaque cadenas \u00e0 sa propre cl\u00e9, tous diff\u00e9rentes les unes des autres.<br \/>\n*prix pour un arceau en nylon ou en acier*<\/p>\n","protected":false},"excerpt":{"rendered":"<p>Cadenas en plastique, Arceau de 1.5po avec choix de mat\u00e9riel: acier, aluminium, nylon ou stainless steel Couleurs au choix: rouge, jaune, bleu p\u00e2le, bleu fonc\u00e9, vert,<span class=\"excerpt-hellip\"> [\u2026]<\/span><\/p>\n","protected":false},"featured_media":27653,"template":"","meta":[],"product_brand":[],"product_cat":[425,438],"product_tag":[],"class_list":{"0":"post-10192","1":"product","2":"type-product","3":"status-publish","4":"has-post-thumbnail","6":"product_cat-securite-machine-verrouillage-cadenassage","7":"product_cat-dispositifs-de-verrouillage-et-de-cadenassage","8":"pa_organization-ezsecur","9":"pa_sku-std-cad-dif-1-5x1-8x0-8","10":"pa_unit-pc","12":"first","13":"instock","14":"taxable","15":"shipping-taxable","16":"purchasable","17":"product-type-simple"},"_links":{"self":[{"href":"https:\/\/ezsecur.elsnerdev.com\/fr\/wp-json\/wp\/v2\/product\/10192","targetHints":{"allow":["GET"]}}],"collection":[{"href":"https:\/\/ezsecur.elsnerdev.com\/fr\/wp-json\/wp\/v2\/product"}],"about":[{"href":"https:\/\/ezsecur.elsnerdev.com\/fr\/wp-json\/wp\/v2\/types\/product"}],"wp:featuredmedia":[{"embeddable":true,"href":"https:\/\/ezsecur.elsnerdev.com\/fr\/wp-json\/wp\/v2\/media\/27653"}],"wp:attachment":[{"href":"https:\/\/ezsecur.elsnerdev.com\/fr\/wp-json\/wp\/v2\/media?parent=10192"}],"wp:term":[{"taxonomy":"product_brand","embeddable":true,"href":"https:\/\/ezsecur.elsnerdev.com\/fr\/wp-json\/wp\/v2\/product_brand?post=10192"},{"taxonomy":"product_cat","embeddable":true,"href":"https:\/\/ezsecur.elsnerdev.com\/fr\/wp-json\/wp\/v2\/product_cat?post=10192"},{"taxonomy":"product_tag","embeddable":true,"href":"https:\/\/ezsecur.elsnerdev.com\/fr\/wp-json\/wp\/v2\/product_tag?post=10192"}],"curies":[{"name":"wp","href":"https:\/\/api.w.org\/{rel}","templated":true}]}}