{"id":10212,"date":"2023-05-27T16:17:13","date_gmt":"2023-05-27T20:17:13","guid":{"rendered":"https:\/\/c55978fc42.nxcli.io\/?post_type=product&#038;p=10212"},"modified":"2026-03-03T01:21:56","modified_gmt":"2026-03-03T06:21:56","slug":"affiche-entree-interdite-aluminium-0-080-vinyle-grade-ingenieur-lamine-glace-24x16-standard-iz","status":"publish","type":"product","link":"https:\/\/ezsecur.elsnerdev.com\/fr\/product\/affiche-entree-interdite-aluminium-0-080-vinyle-grade-ingenieur-lamine-glace-24x16-standard-iz\/","title":{"rendered":"Affiche &#8211; Entr\u00e9e Interdite &#8211; Aluminium 0.080 &#8211; Vinyle grade ing\u00e9nieur lamin\u00e9 glac\u00e9 &#8211; 24&#215;16 &#8211; STANDARD IZ"},"content":{"rendered":"<pre id=\"subvalue_PRODUCTCF11\" class=\"mL45 robotoRegular DV_textAreaLineClamp\" data-zcqa=\"value_Description - French\">Fond blanc, contours noirs, lettrage noir, coins arrondis\r\nVISUEL:\r\nENTR\u00c9E INTERDITE<\/pre>\n","protected":false},"excerpt":{"rendered":"<p>Fond blanc, contours noirs, lettrage noir, coins arrondis VISUEL: ENTR\u00c9E INTERDITE<\/p>\n","protected":false},"featured_media":27655,"template":"","meta":[],"product_brand":[],"product_cat":[2627,389,405],"product_tag":[],"class_list":{"0":"post-10212","1":"product","2":"type-product","3":"status-publish","4":"has-post-thumbnail","6":"product_cat-signalisation-de-zones-de-travaux","7":"product_cat-signalisation-industrielle-et-circulation-sur-site","8":"product_cat-panneaux-de-signalisation-routiere","9":"pa_organization-ezsecur","10":"pa_sku-std-aff-entree-interdite-080-ing-gla-24x16","11":"pa_unit-pc","13":"first","14":"instock","15":"taxable","16":"shipping-taxable","17":"purchasable","18":"product-type-simple"},"_links":{"self":[{"href":"https:\/\/ezsecur.elsnerdev.com\/fr\/wp-json\/wp\/v2\/product\/10212","targetHints":{"allow":["GET"]}}],"collection":[{"href":"https:\/\/ezsecur.elsnerdev.com\/fr\/wp-json\/wp\/v2\/product"}],"about":[{"href":"https:\/\/ezsecur.elsnerdev.com\/fr\/wp-json\/wp\/v2\/types\/product"}],"wp:featuredmedia":[{"embeddable":true,"href":"https:\/\/ezsecur.elsnerdev.com\/fr\/wp-json\/wp\/v2\/media\/27655"}],"wp:attachment":[{"href":"https:\/\/ezsecur.elsnerdev.com\/fr\/wp-json\/wp\/v2\/media?parent=10212"}],"wp:term":[{"taxonomy":"product_brand","embeddable":true,"href":"https:\/\/ezsecur.elsnerdev.com\/fr\/wp-json\/wp\/v2\/product_brand?post=10212"},{"taxonomy":"product_cat","embeddable":true,"href":"https:\/\/ezsecur.elsnerdev.com\/fr\/wp-json\/wp\/v2\/product_cat?post=10212"},{"taxonomy":"product_tag","embeddable":true,"href":"https:\/\/ezsecur.elsnerdev.com\/fr\/wp-json\/wp\/v2\/product_tag?post=10212"}],"curies":[{"name":"wp","href":"https:\/\/api.w.org\/{rel}","templated":true}]}}