{"id":10216,"date":"2023-05-27T16:39:51","date_gmt":"2023-05-27T20:39:51","guid":{"rendered":"https:\/\/c55978fc42.nxcli.io\/?post_type=product&#038;p=10216"},"modified":"2026-03-03T01:21:57","modified_gmt":"2026-03-03T06:21:57","slug":"poteau-flexible-circulaire-hauteur-47-25-pouces-standard","status":"publish","type":"product","link":"https:\/\/ezsecur.elsnerdev.com\/fr\/product\/poteau-flexible-circulaire-hauteur-47-25-pouces-standard\/","title":{"rendered":"Poteau flexible circulaire &#8211; hauteur 47.25 pouces &#8211; STANDARD"},"content":{"rendered":"<p>Balise de piste cyclable de forme circulaire,<br \/>\nBandes jaunes r\u00e9fl\u00e9chissantes<br \/>\nR\u00e9sistant aux impacts<br \/>\nEncrages inclus<br \/>\nHauteur: 47.25po<br \/>\nLargeur balise: 2.5po<\/p>\n<p>*prix unitaire pour un lot de 4 unit\u00e9s<br \/>\n*** Installation non incluse ***<\/p>\n","protected":false},"excerpt":{"rendered":"<p>Balise de piste cyclable de forme circulaire, Bandes jaunes r\u00e9fl\u00e9chissantes R\u00e9sistant aux impacts Encrages inclus Hauteur: 47.25po Largeur balise: 2.5po *prix unitaire pour un lot de<span class=\"excerpt-hellip\"> [\u2026]<\/span><\/p>\n","protected":false},"featured_media":27656,"template":"","meta":[],"product_brand":[],"product_cat":[389,421],"product_tag":[],"class_list":{"0":"post-10216","1":"product","2":"type-product","3":"status-publish","4":"has-post-thumbnail","6":"product_cat-signalisation-industrielle-et-circulation-sur-site","7":"product_cat-poteaux-supports-bases-accessoires","8":"pa_organization-ezsecur","9":"pa_sku-std-pot-flex-cir-47-25","10":"pa_unit-pcs","12":"first","13":"instock","14":"taxable","15":"shipping-taxable","16":"purchasable","17":"product-type-simple"},"_links":{"self":[{"href":"https:\/\/ezsecur.elsnerdev.com\/fr\/wp-json\/wp\/v2\/product\/10216","targetHints":{"allow":["GET"]}}],"collection":[{"href":"https:\/\/ezsecur.elsnerdev.com\/fr\/wp-json\/wp\/v2\/product"}],"about":[{"href":"https:\/\/ezsecur.elsnerdev.com\/fr\/wp-json\/wp\/v2\/types\/product"}],"wp:featuredmedia":[{"embeddable":true,"href":"https:\/\/ezsecur.elsnerdev.com\/fr\/wp-json\/wp\/v2\/media\/27656"}],"wp:attachment":[{"href":"https:\/\/ezsecur.elsnerdev.com\/fr\/wp-json\/wp\/v2\/media?parent=10216"}],"wp:term":[{"taxonomy":"product_brand","embeddable":true,"href":"https:\/\/ezsecur.elsnerdev.com\/fr\/wp-json\/wp\/v2\/product_brand?post=10216"},{"taxonomy":"product_cat","embeddable":true,"href":"https:\/\/ezsecur.elsnerdev.com\/fr\/wp-json\/wp\/v2\/product_cat?post=10216"},{"taxonomy":"product_tag","embeddable":true,"href":"https:\/\/ezsecur.elsnerdev.com\/fr\/wp-json\/wp\/v2\/product_tag?post=10216"}],"curies":[{"name":"wp","href":"https:\/\/api.w.org\/{rel}","templated":true}]}}