{"id":10252,"date":"2023-05-28T06:22:41","date_gmt":"2023-05-28T10:22:41","guid":{"rendered":"https:\/\/c55978fc42.nxcli.io\/?post_type=product&#038;p=10252"},"modified":"2026-03-03T01:22:00","modified_gmt":"2026-03-03T06:22:00","slug":"porte-affiche-triangulaire-acier-peinture-noire-32x32-standard-iz","status":"publish","type":"product","link":"https:\/\/ezsecur.elsnerdev.com\/fr\/product\/porte-affiche-triangulaire-acier-peinture-noire-32x32-standard-iz\/","title":{"rendered":"Porte-affiche triangulaire &#8211; Acier &#8211; Peinture noire &#8211; 32&#215;32 &#8211; STANDARD IZ"},"content":{"rendered":"<p>*** Fabriqu\u00e9 au Qu\u00e9bec ***<\/p>\n<pre id=\"subvalue_PRODUCTCF11\" class=\"mL45 robotoRegular DV_textAreaLineClamp\" data-zcqa=\"value_Description - French\">Support en acier peint en noir\r\n2 plaques pliantes triangulaires en acier soud\u00e9es au poteau central de 3\".\r\nPermet l'affichage de 3 panneaux.\r\nPrix \u200b\u200bunitaire pour un ensemble de 12 : 470,00$<\/pre>\n","protected":false},"excerpt":{"rendered":"<p>*** Fabriqu\u00e9 au Qu\u00e9bec *** Support en acier peint en noir 2 plaques pliantes triangulaires en acier soud\u00e9es au poteau central de 3&Prime;. Permet l&rsquo;affichage de<span class=\"excerpt-hellip\"> [\u2026]<\/span><\/p>\n","protected":false},"featured_media":27663,"template":"","meta":[],"product_brand":[],"product_cat":[389,421],"product_tag":[],"class_list":{"0":"post-10252","1":"product","2":"type-product","3":"status-publish","4":"has-post-thumbnail","6":"product_cat-signalisation-industrielle-et-circulation-sur-site","7":"product_cat-poteaux-supports-bases-accessoires","8":"pa_organization-ezsecur","9":"pa_sku-std-sup-tri-aci-noi-32x32","10":"pa_unit-pcs","12":"first","13":"instock","14":"taxable","15":"shipping-taxable","16":"purchasable","17":"product-type-simple"},"_links":{"self":[{"href":"https:\/\/ezsecur.elsnerdev.com\/fr\/wp-json\/wp\/v2\/product\/10252","targetHints":{"allow":["GET"]}}],"collection":[{"href":"https:\/\/ezsecur.elsnerdev.com\/fr\/wp-json\/wp\/v2\/product"}],"about":[{"href":"https:\/\/ezsecur.elsnerdev.com\/fr\/wp-json\/wp\/v2\/types\/product"}],"wp:featuredmedia":[{"embeddable":true,"href":"https:\/\/ezsecur.elsnerdev.com\/fr\/wp-json\/wp\/v2\/media\/27663"}],"wp:attachment":[{"href":"https:\/\/ezsecur.elsnerdev.com\/fr\/wp-json\/wp\/v2\/media?parent=10252"}],"wp:term":[{"taxonomy":"product_brand","embeddable":true,"href":"https:\/\/ezsecur.elsnerdev.com\/fr\/wp-json\/wp\/v2\/product_brand?post=10252"},{"taxonomy":"product_cat","embeddable":true,"href":"https:\/\/ezsecur.elsnerdev.com\/fr\/wp-json\/wp\/v2\/product_cat?post=10252"},{"taxonomy":"product_tag","embeddable":true,"href":"https:\/\/ezsecur.elsnerdev.com\/fr\/wp-json\/wp\/v2\/product_tag?post=10252"}],"curies":[{"name":"wp","href":"https:\/\/api.w.org\/{rel}","templated":true}]}}