{"id":10266,"date":"2023-05-28T06:50:08","date_gmt":"2023-05-28T10:50:08","guid":{"rendered":"https:\/\/c55978fc42.nxcli.io\/?post_type=product&#038;p=10266"},"modified":"2026-03-03T01:22:01","modified_gmt":"2026-03-03T06:22:01","slug":"affiche-lumineuse-pieton-passage-a-gauche-8xleds-aluminium-0-080-vinyle-grade-ingenieur-24x30-standard-iz","status":"publish","type":"product","link":"https:\/\/ezsecur.elsnerdev.com\/fr\/product\/affiche-lumineuse-pieton-passage-a-gauche-8xleds-aluminium-0-080-vinyle-grade-ingenieur-24x30-standard-iz\/","title":{"rendered":"Affiche lumineuse &#8211; Pi\u00e9ton Passage \u00e0 gauche &#8211; 8xLeds &#8211; Aluminium 0.080 &#8211; Vinyle Grade Ing\u00e9nieur- 24&#215;30 &#8211; STANDARD IZ"},"content":{"rendered":"<p>*** Fabriqu\u00e9 au Qu\u00e9bec ***<\/p>\n<pre id=\"subvalue_PRODUCTCF11\" class=\"mL45 robotoRegular DV_textAreaLineClamp\" data-zcqa=\"value_Description - French\">Affiche lumineuse avec 8 leds - Pi\u00e9ton Passage \u00e0 gauche - Aluminium 0.080 - Vinyle Grade ing\u00e9nieur - 24x30<\/pre>\n","protected":false},"excerpt":{"rendered":"<p>*** Fabriqu\u00e9 au Qu\u00e9bec *** Affiche lumineuse avec 8 leds &#8211; Pi\u00e9ton Passage \u00e0 gauche &#8211; Aluminium 0.080 &#8211; Vinyle Grade ing\u00e9nieur &#8211; 24&#215;30<\/p>\n","protected":false},"featured_media":27665,"template":"","meta":[],"product_brand":[],"product_cat":[389,391],"product_tag":[],"class_list":{"0":"post-10266","1":"product","2":"type-product","3":"status-publish","4":"has-post-thumbnail","6":"product_cat-signalisation-industrielle-et-circulation-sur-site","7":"product_cat-signalisation-dynamique-activee-a-distance-alimentation-solaire","8":"pa_organization-ezsecur","9":"pa_sku-std-aff-pie-gau-8del-080-ing-24x30","10":"pa_unit-pcs","12":"first","13":"instock","14":"taxable","15":"shipping-taxable","16":"purchasable","17":"product-type-simple"},"_links":{"self":[{"href":"https:\/\/ezsecur.elsnerdev.com\/fr\/wp-json\/wp\/v2\/product\/10266","targetHints":{"allow":["GET"]}}],"collection":[{"href":"https:\/\/ezsecur.elsnerdev.com\/fr\/wp-json\/wp\/v2\/product"}],"about":[{"href":"https:\/\/ezsecur.elsnerdev.com\/fr\/wp-json\/wp\/v2\/types\/product"}],"wp:featuredmedia":[{"embeddable":true,"href":"https:\/\/ezsecur.elsnerdev.com\/fr\/wp-json\/wp\/v2\/media\/27665"}],"wp:attachment":[{"href":"https:\/\/ezsecur.elsnerdev.com\/fr\/wp-json\/wp\/v2\/media?parent=10266"}],"wp:term":[{"taxonomy":"product_brand","embeddable":true,"href":"https:\/\/ezsecur.elsnerdev.com\/fr\/wp-json\/wp\/v2\/product_brand?post=10266"},{"taxonomy":"product_cat","embeddable":true,"href":"https:\/\/ezsecur.elsnerdev.com\/fr\/wp-json\/wp\/v2\/product_cat?post=10266"},{"taxonomy":"product_tag","embeddable":true,"href":"https:\/\/ezsecur.elsnerdev.com\/fr\/wp-json\/wp\/v2\/product_tag?post=10266"}],"curies":[{"name":"wp","href":"https:\/\/api.w.org\/{rel}","templated":true}]}}