{"id":10290,"date":"2023-05-28T08:11:09","date_gmt":"2023-05-28T12:11:09","guid":{"rendered":"https:\/\/c55978fc42.nxcli.io\/?post_type=product&#038;p=10290"},"modified":"2026-03-03T01:22:05","modified_gmt":"2026-03-03T06:22:05","slug":"affiche-lumineuse-arret-double-aluminium-0-125-recto-verso-2x8x-del-24x24-standard-iz","status":"publish","type":"product","link":"https:\/\/ezsecur.elsnerdev.com\/fr\/product\/affiche-lumineuse-arret-double-aluminium-0-125-recto-verso-2x8x-del-24x24-standard-iz\/","title":{"rendered":"Affiche Lumineuse ARRET double &#8211; Aluminium 0.125 &#8211; Recto\/Verso &#8211; 2x8x DEL &#8211; 24&#215;24 &#8211; STANDARD IZ"},"content":{"rendered":"<p>*** Fabriqu\u00e9 au Qu\u00e9bec ***<\/p>\n<pre id=\"subvalue_PRODUCTCF11\" class=\"mL45 robotoRegular DV_textAreaLineClamp\" data-zcqa=\"value_Description - French\">Affiche en aluminium 0.125 24x24x2, \r\nvisuel sur vinyle grade diamant, \r\nVisuel \"ARR\u00caT\" recto\/Verso, \r\n2x8x lumi\u00e8res DEL, \r\nclignotant rouge, \r\ninterrupteur, \r\nbo\u00eetier \u00e9lectrique, \r\nalimentation 12VDC, \r\nkit d'installation sur poteau.<\/pre>\n","protected":false},"excerpt":{"rendered":"<p>*** Fabriqu\u00e9 au Qu\u00e9bec *** Affiche en aluminium 0.125 24x24x2, visuel sur vinyle grade diamant, Visuel \u00ab\u00a0ARR\u00caT\u00a0\u00bb recto\/Verso, 2x8x lumi\u00e8res DEL, clignotant rouge, interrupteur, bo\u00eetier \u00e9lectrique,<span class=\"excerpt-hellip\"> [\u2026]<\/span><\/p>\n","protected":false},"featured_media":27674,"template":"","meta":[],"product_brand":[],"product_cat":[389,391],"product_tag":[],"class_list":{"0":"post-10290","1":"product","2":"type-product","3":"status-publish","4":"has-post-thumbnail","6":"product_cat-signalisation-industrielle-et-circulation-sur-site","7":"product_cat-signalisation-dynamique-activee-a-distance-alimentation-solaire","8":"pa_organization-ezsecur","9":"pa_sku-std-aff-arret-double-16del-24x24","10":"pa_unit-pcs","12":"first","13":"instock","14":"taxable","15":"shipping-taxable","16":"purchasable","17":"product-type-simple"},"_links":{"self":[{"href":"https:\/\/ezsecur.elsnerdev.com\/fr\/wp-json\/wp\/v2\/product\/10290","targetHints":{"allow":["GET"]}}],"collection":[{"href":"https:\/\/ezsecur.elsnerdev.com\/fr\/wp-json\/wp\/v2\/product"}],"about":[{"href":"https:\/\/ezsecur.elsnerdev.com\/fr\/wp-json\/wp\/v2\/types\/product"}],"wp:featuredmedia":[{"embeddable":true,"href":"https:\/\/ezsecur.elsnerdev.com\/fr\/wp-json\/wp\/v2\/media\/27674"}],"wp:attachment":[{"href":"https:\/\/ezsecur.elsnerdev.com\/fr\/wp-json\/wp\/v2\/media?parent=10290"}],"wp:term":[{"taxonomy":"product_brand","embeddable":true,"href":"https:\/\/ezsecur.elsnerdev.com\/fr\/wp-json\/wp\/v2\/product_brand?post=10290"},{"taxonomy":"product_cat","embeddable":true,"href":"https:\/\/ezsecur.elsnerdev.com\/fr\/wp-json\/wp\/v2\/product_cat?post=10290"},{"taxonomy":"product_tag","embeddable":true,"href":"https:\/\/ezsecur.elsnerdev.com\/fr\/wp-json\/wp\/v2\/product_tag?post=10290"}],"curies":[{"name":"wp","href":"https:\/\/api.w.org\/{rel}","templated":true}]}}