{"id":10294,"date":"2023-05-28T08:24:28","date_gmt":"2023-05-28T12:24:28","guid":{"rendered":"https:\/\/c55978fc42.nxcli.io\/?post_type=product&#038;p=10294"},"modified":"2026-03-03T01:22:10","modified_gmt":"2026-03-03T06:22:10","slug":"barriere-en-polycarbonate-avec-machoire-et-collets-dinstallation-33x8-standard-iz","status":"publish","type":"product","link":"https:\/\/ezsecur.elsnerdev.com\/fr\/product\/barriere-en-polycarbonate-avec-machoire-et-collets-dinstallation-33x8-standard-iz\/","title":{"rendered":"Barri\u00e8re en polycarbonate avec m\u00e2choire et collets d&rsquo;installation &#8211; 33&#215;8 &#8211; STANDARD IZ"},"content":{"rendered":"<p>Barri\u00e8re pour pi\u00e9ton flexible en polycarbonate 1\/8<br \/>\nM\u00e2choire en acier peinture cuite noire<br \/>\nBuffer en caoutchouc<br \/>\n2 collets pour installation sur poteau<br \/>\nVisuel recto verso en vinyle imprim\u00e9 lamin\u00e9 glac\u00e9<br \/>\nBandes rouges sur fond blanc.<br \/>\nLettrage et pictogramme: SUR MESURE<\/p>\n","protected":false},"excerpt":{"rendered":"<p>Barri\u00e8re pour pi\u00e9ton flexible en polycarbonate 1\/8 M\u00e2choire en acier peinture cuite noire Buffer en caoutchouc 2 collets pour installation sur poteau Visuel recto verso en<span class=\"excerpt-hellip\"> [\u2026]<\/span><\/p>\n","protected":false},"featured_media":27675,"template":"","meta":[],"product_brand":[],"product_cat":[389,409],"product_tag":[],"class_list":{"0":"post-10294","1":"product","2":"type-product","3":"status-publish","4":"has-post-thumbnail","6":"product_cat-signalisation-industrielle-et-circulation-sur-site","7":"product_cat-barrieres-passages-pietons-mains-courantes","8":"pa_organization-ezsecur","9":"pa_sku-std-bar-poly-col-33x8","10":"pa_unit-pcs","12":"first","13":"instock","14":"taxable","15":"shipping-taxable","16":"purchasable","17":"product-type-simple"},"_links":{"self":[{"href":"https:\/\/ezsecur.elsnerdev.com\/fr\/wp-json\/wp\/v2\/product\/10294","targetHints":{"allow":["GET"]}}],"collection":[{"href":"https:\/\/ezsecur.elsnerdev.com\/fr\/wp-json\/wp\/v2\/product"}],"about":[{"href":"https:\/\/ezsecur.elsnerdev.com\/fr\/wp-json\/wp\/v2\/types\/product"}],"wp:featuredmedia":[{"embeddable":true,"href":"https:\/\/ezsecur.elsnerdev.com\/fr\/wp-json\/wp\/v2\/media\/27675"}],"wp:attachment":[{"href":"https:\/\/ezsecur.elsnerdev.com\/fr\/wp-json\/wp\/v2\/media?parent=10294"}],"wp:term":[{"taxonomy":"product_brand","embeddable":true,"href":"https:\/\/ezsecur.elsnerdev.com\/fr\/wp-json\/wp\/v2\/product_brand?post=10294"},{"taxonomy":"product_cat","embeddable":true,"href":"https:\/\/ezsecur.elsnerdev.com\/fr\/wp-json\/wp\/v2\/product_cat?post=10294"},{"taxonomy":"product_tag","embeddable":true,"href":"https:\/\/ezsecur.elsnerdev.com\/fr\/wp-json\/wp\/v2\/product_tag?post=10294"}],"curies":[{"name":"wp","href":"https:\/\/api.w.org\/{rel}","templated":true}]}}