{"id":10306,"date":"2023-05-28T08:52:08","date_gmt":"2023-05-28T12:52:08","guid":{"rendered":"https:\/\/c55978fc42.nxcli.io\/?post_type=product&#038;p=10306"},"modified":"2026-03-03T01:22:10","modified_gmt":"2026-03-03T06:22:10","slug":"affiche-lumineuse-pieton-aluminium-0-64-recto-8x-del-24x30","status":"publish","type":"product","link":"https:\/\/ezsecur.elsnerdev.com\/fr\/product\/affiche-lumineuse-pieton-aluminium-0-64-recto-8x-del-24x30\/","title":{"rendered":"Affiche Lumineuse pi\u00e9ton &#8211; Aluminium 0.64 &#8211; Recto &#8211; 8x DEL &#8211; 24&#215;30"},"content":{"rendered":"<p>*** Fabriqu\u00e9 au Qu\u00e9bec ***<\/p>\n<pre id=\"subvalue_PRODUCTCF11\" class=\"mL45 robotoRegular DV_textAreaLineClamp\" data-zcqa=\"value_Description - French\">Affiche en aluminium 0.64, visuel sur vinyle grade ing\u00e9nieur, \r\n8x lumi\u00e8res DEL, \r\n1x bo\u00eetier de connections, \r\nAlimentation 12VDC, \r\nKit d'installation sur poteau.<\/pre>\n","protected":false},"excerpt":{"rendered":"<p>*** Fabriqu\u00e9 au Qu\u00e9bec *** Affiche en aluminium 0.64, visuel sur vinyle grade ing\u00e9nieur, 8x lumi\u00e8res DEL, 1x bo\u00eetier de connections, Alimentation 12VDC, Kit d&rsquo;installation sur<span class=\"excerpt-hellip\"> [\u2026]<\/span><\/p>\n","protected":false},"featured_media":27679,"template":"","meta":[],"product_brand":[],"product_cat":[389,391],"product_tag":[],"class_list":{"0":"post-10306","1":"product","2":"type-product","3":"status-publish","4":"has-post-thumbnail","6":"product_cat-signalisation-industrielle-et-circulation-sur-site","7":"product_cat-signalisation-dynamique-activee-a-distance-alimentation-solaire","8":"pa_organization-ezsecur","9":"pa_sku-std-aff-pie-064-8del-24x30","10":"pa_unit-pcs","12":"first","13":"instock","14":"taxable","15":"shipping-taxable","16":"purchasable","17":"product-type-simple"},"_links":{"self":[{"href":"https:\/\/ezsecur.elsnerdev.com\/fr\/wp-json\/wp\/v2\/product\/10306","targetHints":{"allow":["GET"]}}],"collection":[{"href":"https:\/\/ezsecur.elsnerdev.com\/fr\/wp-json\/wp\/v2\/product"}],"about":[{"href":"https:\/\/ezsecur.elsnerdev.com\/fr\/wp-json\/wp\/v2\/types\/product"}],"wp:featuredmedia":[{"embeddable":true,"href":"https:\/\/ezsecur.elsnerdev.com\/fr\/wp-json\/wp\/v2\/media\/27679"}],"wp:attachment":[{"href":"https:\/\/ezsecur.elsnerdev.com\/fr\/wp-json\/wp\/v2\/media?parent=10306"}],"wp:term":[{"taxonomy":"product_brand","embeddable":true,"href":"https:\/\/ezsecur.elsnerdev.com\/fr\/wp-json\/wp\/v2\/product_brand?post=10306"},{"taxonomy":"product_cat","embeddable":true,"href":"https:\/\/ezsecur.elsnerdev.com\/fr\/wp-json\/wp\/v2\/product_cat?post=10306"},{"taxonomy":"product_tag","embeddable":true,"href":"https:\/\/ezsecur.elsnerdev.com\/fr\/wp-json\/wp\/v2\/product_tag?post=10306"}],"curies":[{"name":"wp","href":"https:\/\/api.w.org\/{rel}","templated":true}]}}