{"id":10326,"date":"2023-05-28T09:46:03","date_gmt":"2023-05-28T13:46:03","guid":{"rendered":"https:\/\/c55978fc42.nxcli.io\/?post_type=product&#038;p=10326"},"modified":"2026-03-03T01:22:11","modified_gmt":"2026-03-03T06:22:11","slug":"double-projecteur-de-lignes-pietonnieres-virtuelles-rotatif-fournitures-generales-de-securite-standard","status":"publish","type":"product","link":"https:\/\/ezsecur.elsnerdev.com\/fr\/product\/double-projecteur-de-lignes-pietonnieres-virtuelles-rotatif-fournitures-generales-de-securite-standard\/","title":{"rendered":"Double projecteur de lignes pi\u00e9tonni\u00e8res virtuelles rotatif &#8211; Fournitures g\u00e9n\u00e9rales de s\u00e9curit\u00e9 &#8211; Standard"},"content":{"rendered":"<p>Projecteur rotatif de lignes pi\u00e9tonni\u00e8res virtuelles. Description:<br \/>\n&#8211; Projecteur de grade industriel, con\u00e7u pour les environnements difficiles;<br \/>\n&#8211; Casing en aluminium, pour utilisation en int\u00e9rieur, 90W, 110VAC, 0,8A\/h;<br \/>\n&#8211; Image statique, distance de projection de lignes maximum 48 pieds, projette deux lignes de 3 \u00e0 6 pouces de large sur n&rsquo;importe quelle surface;<br \/>\n&#8211; Dur\u00e9e de vie utile : 40,000h;<br \/>\n&#8211; Support rotatif;<br \/>\n&#8211; Motorisation pas \u00e0 pas du dispositif;<br \/>\n&#8211; Limiteur rotatif;<\/p>\n","protected":false},"excerpt":{"rendered":"<p>Projecteur rotatif de lignes pi\u00e9tonni\u00e8res virtuelles. Description: &#8211; Projecteur de grade industriel, con\u00e7u pour les environnements difficiles; &#8211; Casing en aluminium, pour utilisation en int\u00e9rieur, 90W,<span class=\"excerpt-hellip\"> [\u2026]<\/span><\/p>\n","protected":false},"featured_media":27681,"template":"","meta":[],"product_brand":[],"product_cat":[389,391],"product_tag":[],"class_list":{"0":"post-10326","1":"product","2":"type-product","3":"status-publish","4":"has-post-thumbnail","6":"product_cat-signalisation-industrielle-et-circulation-sur-site","7":"product_cat-signalisation-dynamique-activee-a-distance-alimentation-solaire","8":"pa_organization-ezsecur","9":"pa_sku-std-frnt-projlv-gobo-rot","10":"pa_unit-pcs","12":"first","13":"instock","14":"taxable","15":"shipping-taxable","16":"purchasable","17":"product-type-simple"},"_links":{"self":[{"href":"https:\/\/ezsecur.elsnerdev.com\/fr\/wp-json\/wp\/v2\/product\/10326","targetHints":{"allow":["GET"]}}],"collection":[{"href":"https:\/\/ezsecur.elsnerdev.com\/fr\/wp-json\/wp\/v2\/product"}],"about":[{"href":"https:\/\/ezsecur.elsnerdev.com\/fr\/wp-json\/wp\/v2\/types\/product"}],"wp:featuredmedia":[{"embeddable":true,"href":"https:\/\/ezsecur.elsnerdev.com\/fr\/wp-json\/wp\/v2\/media\/27681"}],"wp:attachment":[{"href":"https:\/\/ezsecur.elsnerdev.com\/fr\/wp-json\/wp\/v2\/media?parent=10326"}],"wp:term":[{"taxonomy":"product_brand","embeddable":true,"href":"https:\/\/ezsecur.elsnerdev.com\/fr\/wp-json\/wp\/v2\/product_brand?post=10326"},{"taxonomy":"product_cat","embeddable":true,"href":"https:\/\/ezsecur.elsnerdev.com\/fr\/wp-json\/wp\/v2\/product_cat?post=10326"},{"taxonomy":"product_tag","embeddable":true,"href":"https:\/\/ezsecur.elsnerdev.com\/fr\/wp-json\/wp\/v2\/product_tag?post=10326"}],"curies":[{"name":"wp","href":"https:\/\/api.w.org\/{rel}","templated":true}]}}