{"id":10428,"date":"2023-05-29T01:11:24","date_gmt":"2023-05-29T05:11:24","guid":{"rendered":"https:\/\/c55978fc42.nxcli.io\/?post_type=product&#038;p=10428"},"modified":"2026-03-03T01:22:16","modified_gmt":"2026-03-03T06:22:16","slug":"affiche-stationnement-interdit-handicapee-aluminium-0-064-vinyle-ingenieur-lamine-glace-12x24-standard-iz","status":"publish","type":"product","link":"https:\/\/ezsecur.elsnerdev.com\/fr\/product\/affiche-stationnement-interdit-handicapee-aluminium-0-064-vinyle-ingenieur-lamine-glace-12x24-standard-iz\/","title":{"rendered":"Affiche &#8211; Stationnement interdit, handicap\u00e9e &#8211; Aluminium 0.064 &#8211; Vinyle ing\u00e9nieur lamin\u00e9 glac\u00e9 &#8211; 12X24 &#8211; STANDARD IZ"},"content":{"rendered":"<pre id=\"subvalue_PRODUCTCF11\" class=\"mL45 robotoRegular DV_textAreaLineClamp\" data-zcqa=\"value_Description - French\">Affiche - Stationnement interdit, handicap\u00e9e - Aluminium 0.064 - Vinyle ing\u00e9nieur lamin\u00e9 glac\u00e9. \r\nFond blanc, pictogrammes.<\/pre>\n","protected":false},"excerpt":{"rendered":"<p>Affiche &#8211; Stationnement interdit, handicap\u00e9e &#8211; Aluminium 0.064 &#8211; Vinyle ing\u00e9nieur lamin\u00e9 glac\u00e9. Fond blanc, pictogrammes.<\/p>\n","protected":false},"featured_media":27691,"template":"","meta":[],"product_brand":[],"product_cat":[2624,389,405],"product_tag":[],"class_list":{"0":"post-10428","1":"product","2":"type-product","3":"status-publish","4":"has-post-thumbnail","6":"product_cat-signalisation-de-prescription","7":"product_cat-signalisation-industrielle-et-circulation-sur-site","8":"product_cat-panneaux-de-signalisation-routiere","9":"pa_organization-ezsecur","10":"pa_sku-std-aff-stat-handi-064-ing-gla-12x24","11":"pa_unit-pcs","13":"first","14":"instock","15":"taxable","16":"shipping-taxable","17":"purchasable","18":"product-type-simple"},"_links":{"self":[{"href":"https:\/\/ezsecur.elsnerdev.com\/fr\/wp-json\/wp\/v2\/product\/10428","targetHints":{"allow":["GET"]}}],"collection":[{"href":"https:\/\/ezsecur.elsnerdev.com\/fr\/wp-json\/wp\/v2\/product"}],"about":[{"href":"https:\/\/ezsecur.elsnerdev.com\/fr\/wp-json\/wp\/v2\/types\/product"}],"wp:featuredmedia":[{"embeddable":true,"href":"https:\/\/ezsecur.elsnerdev.com\/fr\/wp-json\/wp\/v2\/media\/27691"}],"wp:attachment":[{"href":"https:\/\/ezsecur.elsnerdev.com\/fr\/wp-json\/wp\/v2\/media?parent=10428"}],"wp:term":[{"taxonomy":"product_brand","embeddable":true,"href":"https:\/\/ezsecur.elsnerdev.com\/fr\/wp-json\/wp\/v2\/product_brand?post=10428"},{"taxonomy":"product_cat","embeddable":true,"href":"https:\/\/ezsecur.elsnerdev.com\/fr\/wp-json\/wp\/v2\/product_cat?post=10428"},{"taxonomy":"product_tag","embeddable":true,"href":"https:\/\/ezsecur.elsnerdev.com\/fr\/wp-json\/wp\/v2\/product_tag?post=10428"}],"curies":[{"name":"wp","href":"https:\/\/api.w.org\/{rel}","templated":true}]}}