{"id":10436,"date":"2023-05-29T01:22:26","date_gmt":"2023-05-29T05:22:26","guid":{"rendered":"https:\/\/c55978fc42.nxcli.io\/?post_type=product&#038;p=10436"},"modified":"2026-03-03T01:22:17","modified_gmt":"2026-03-03T06:22:17","slug":"affiche-stationnement-interdit-avec-fleche-a-gauche-aluminium-0-064-vinyle-grade-ingenieur-24x24-standard","status":"publish","type":"product","link":"https:\/\/ezsecur.elsnerdev.com\/fr\/product\/affiche-stationnement-interdit-avec-fleche-a-gauche-aluminium-0-064-vinyle-grade-ingenieur-24x24-standard\/","title":{"rendered":"Affiche &#8211; Stationnement interdit avec fl\u00e8che \u00e0 gauche &#8211; Aluminium 0.064 &#8211; Vinyle Grade Ing\u00e9nieur &#8211; 24&#215;24 &#8211; STANDARD"},"content":{"rendered":"<pre id=\"subvalue_PRODUCTCF11\" class=\"mL45 robotoRegular DV_textAreaLineClamp\" data-zcqa=\"value_Description - French\">0.064 - Vinyle Grade Ing\u00e9nieur - 24x24 - STANDARD\r\n \r\n Poster - No parking - Aluminum 0.064 - Engineer Grade vinyl - 24x24 - STANDARD<\/pre>\n","protected":false},"excerpt":{"rendered":"<p>0.064 &#8211; Vinyle Grade Ing\u00e9nieur &#8211; 24&#215;24 &#8211; STANDARD Poster &#8211; No parking &#8211; Aluminum 0.064 &#8211; Engineer Grade vinyl &#8211; 24&#215;24 &#8211; STANDARD<\/p>\n","protected":false},"featured_media":27693,"template":"","meta":[],"product_brand":[],"product_cat":[2624,389,405],"product_tag":[],"class_list":{"0":"post-10436","1":"product","2":"type-product","3":"status-publish","4":"has-post-thumbnail","6":"product_cat-signalisation-de-prescription","7":"product_cat-signalisation-industrielle-et-circulation-sur-site","8":"product_cat-panneaux-de-signalisation-routiere","9":"pa_organization-ezsecur","10":"pa_sku-std-aff-stas-gauch-064-ing-24x24","11":"pa_unit-pcs","13":"first","14":"instock","15":"taxable","16":"shipping-taxable","17":"purchasable","18":"product-type-simple"},"_links":{"self":[{"href":"https:\/\/ezsecur.elsnerdev.com\/fr\/wp-json\/wp\/v2\/product\/10436","targetHints":{"allow":["GET"]}}],"collection":[{"href":"https:\/\/ezsecur.elsnerdev.com\/fr\/wp-json\/wp\/v2\/product"}],"about":[{"href":"https:\/\/ezsecur.elsnerdev.com\/fr\/wp-json\/wp\/v2\/types\/product"}],"wp:featuredmedia":[{"embeddable":true,"href":"https:\/\/ezsecur.elsnerdev.com\/fr\/wp-json\/wp\/v2\/media\/27693"}],"wp:attachment":[{"href":"https:\/\/ezsecur.elsnerdev.com\/fr\/wp-json\/wp\/v2\/media?parent=10436"}],"wp:term":[{"taxonomy":"product_brand","embeddable":true,"href":"https:\/\/ezsecur.elsnerdev.com\/fr\/wp-json\/wp\/v2\/product_brand?post=10436"},{"taxonomy":"product_cat","embeddable":true,"href":"https:\/\/ezsecur.elsnerdev.com\/fr\/wp-json\/wp\/v2\/product_cat?post=10436"},{"taxonomy":"product_tag","embeddable":true,"href":"https:\/\/ezsecur.elsnerdev.com\/fr\/wp-json\/wp\/v2\/product_tag?post=10436"}],"curies":[{"name":"wp","href":"https:\/\/api.w.org\/{rel}","templated":true}]}}