{"id":10492,"date":"2023-05-29T02:34:49","date_gmt":"2023-05-29T06:34:49","guid":{"rendered":"https:\/\/c55978fc42.nxcli.io\/?post_type=product&#038;p=10492"},"modified":"2026-03-03T01:22:24","modified_gmt":"2026-03-03T06:22:24","slug":"lumieres-de-circulation-avec-cap-de-securite-3-feux-rouge-verte-et-orange-dia-8-standard-iz","status":"publish","type":"product","link":"https:\/\/ezsecur.elsnerdev.com\/fr\/product\/lumieres-de-circulation-avec-cap-de-securite-3-feux-rouge-verte-et-orange-dia-8-standard-iz\/","title":{"rendered":"Lumi\u00e8res de circulation avec cap de s\u00e9curit\u00e9 &#8211; 3 feux &#8211; Rouge, verte et orange &#8211; Dia 8 &#8211; STANDARD IZ"},"content":{"rendered":"<pre id=\"subvalue_PRODUCTCF11\" class=\"mL45 robotoRegular DV_textAreaLineClamp\" data-zcqa=\"value_Description - French\">Kit de 3 lumi\u00e8res de circulation Rouge, orange et vert, incluant:\r\n  - 3x lumi\u00e8res LED de type circulation, diam\u00e8tre 8\", 12 VDC, assembl\u00e9es verticalement;\r\n  - Casing en plastic IP65 avec cap;\r\n  - Boitier d\u00e9port\u00e9 avec 3 interrupteurs On Off pour activation des lumi\u00e8res rouge, verte et orange;\r\n  -Kit d'installation sur poteau 4x4.<\/pre>\n","protected":false},"excerpt":{"rendered":"<p>Kit de 3 lumi\u00e8res de circulation Rouge, orange et vert, incluant: &#8211; 3x lumi\u00e8res LED de type circulation, diam\u00e8tre 8&Prime;, 12 VDC, assembl\u00e9es verticalement; &#8211; Casing<span class=\"excerpt-hellip\"> [\u2026]<\/span><\/p>\n","protected":false},"featured_media":27709,"template":"","meta":[],"product_brand":[],"product_cat":[389,391],"product_tag":[],"class_list":{"0":"post-10492","1":"product","2":"type-product","3":"status-publish","4":"has-post-thumbnail","6":"product_cat-signalisation-industrielle-et-circulation-sur-site","7":"product_cat-signalisation-dynamique-activee-a-distance-alimentation-solaire","8":"pa_organization-ezsecur","9":"pa_sku-std-3lumcir-dia8","10":"pa_unit-un","12":"first","13":"instock","14":"taxable","15":"shipping-taxable","16":"purchasable","17":"product-type-simple"},"_links":{"self":[{"href":"https:\/\/ezsecur.elsnerdev.com\/fr\/wp-json\/wp\/v2\/product\/10492","targetHints":{"allow":["GET"]}}],"collection":[{"href":"https:\/\/ezsecur.elsnerdev.com\/fr\/wp-json\/wp\/v2\/product"}],"about":[{"href":"https:\/\/ezsecur.elsnerdev.com\/fr\/wp-json\/wp\/v2\/types\/product"}],"wp:featuredmedia":[{"embeddable":true,"href":"https:\/\/ezsecur.elsnerdev.com\/fr\/wp-json\/wp\/v2\/media\/27709"}],"wp:attachment":[{"href":"https:\/\/ezsecur.elsnerdev.com\/fr\/wp-json\/wp\/v2\/media?parent=10492"}],"wp:term":[{"taxonomy":"product_brand","embeddable":true,"href":"https:\/\/ezsecur.elsnerdev.com\/fr\/wp-json\/wp\/v2\/product_brand?post=10492"},{"taxonomy":"product_cat","embeddable":true,"href":"https:\/\/ezsecur.elsnerdev.com\/fr\/wp-json\/wp\/v2\/product_cat?post=10492"},{"taxonomy":"product_tag","embeddable":true,"href":"https:\/\/ezsecur.elsnerdev.com\/fr\/wp-json\/wp\/v2\/product_tag?post=10492"}],"curies":[{"name":"wp","href":"https:\/\/api.w.org\/{rel}","templated":true}]}}