{"id":10553,"date":"2023-05-29T17:00:14","date_gmt":"2023-05-29T21:00:14","guid":{"rendered":"https:\/\/c55978fc42.nxcli.io\/?post_type=product&#038;p=10553"},"modified":"2026-03-03T01:22:32","modified_gmt":"2026-03-03T06:22:32","slug":"lumiere-de-circulation-avec-cap-de-securite-rouge-verte-ou-orange-active-par-boitier-de-controle-dia-8-standard-iz","status":"publish","type":"product","link":"https:\/\/ezsecur.elsnerdev.com\/fr\/product\/lumiere-de-circulation-avec-cap-de-securite-rouge-verte-ou-orange-active-par-boitier-de-controle-dia-8-standard-iz\/","title":{"rendered":"Lumi\u00e8re de circulation avec cap de s\u00e9curit\u00e9 rouge, verte ou orange, activ\u00e9 par bo\u00eetier de contr\u00f4le &#8211; Dia 8 &#8211; STANDARD IZ"},"content":{"rendered":"<pre id=\"subvalue_PRODUCTCF11\" class=\"mL45 robotoRegular DV_textAreaLineClamp\" data-zcqa=\"value_Description - French\">Kit de lumi\u00e8re de circulation incluant:\r\n  - Lumi\u00e8re LED de type circulation, couleurs au choix rouge, verte ou orange, diam\u00e8tre 8\", 12 VDC;\r\n  - Casing en plastic IP65 avec cap;\r\n  - 75pieds pieds c\u00e2ble 3 brins pour alimentation et signal avec connecteur pour connexion sur le boitier de contr\u00f4le et d'alimentation programmable SKU: STD-BOIT-CON-INTEL\r\n  -Kit d'installation sur parois verticale.<\/pre>\n","protected":false},"excerpt":{"rendered":"<p>Kit de lumi\u00e8re de circulation incluant: &#8211; Lumi\u00e8re LED de type circulation, couleurs au choix rouge, verte ou orange, diam\u00e8tre 8&Prime;, 12 VDC; &#8211; Casing en<span class=\"excerpt-hellip\"> [\u2026]<\/span><\/p>\n","protected":false},"featured_media":27721,"template":"","meta":[],"product_brand":[],"product_cat":[389,391],"product_tag":[],"class_list":{"0":"post-10553","1":"product","2":"type-product","3":"status-publish","4":"has-post-thumbnail","6":"product_cat-signalisation-industrielle-et-circulation-sur-site","7":"product_cat-signalisation-dynamique-activee-a-distance-alimentation-solaire","8":"pa_organization-ezsecur","9":"pa_sku-std-lumcir-dia8","10":"pa_unit-un","12":"first","13":"instock","14":"taxable","15":"shipping-taxable","16":"purchasable","17":"product-type-simple"},"_links":{"self":[{"href":"https:\/\/ezsecur.elsnerdev.com\/fr\/wp-json\/wp\/v2\/product\/10553","targetHints":{"allow":["GET"]}}],"collection":[{"href":"https:\/\/ezsecur.elsnerdev.com\/fr\/wp-json\/wp\/v2\/product"}],"about":[{"href":"https:\/\/ezsecur.elsnerdev.com\/fr\/wp-json\/wp\/v2\/types\/product"}],"wp:featuredmedia":[{"embeddable":true,"href":"https:\/\/ezsecur.elsnerdev.com\/fr\/wp-json\/wp\/v2\/media\/27721"}],"wp:attachment":[{"href":"https:\/\/ezsecur.elsnerdev.com\/fr\/wp-json\/wp\/v2\/media?parent=10553"}],"wp:term":[{"taxonomy":"product_brand","embeddable":true,"href":"https:\/\/ezsecur.elsnerdev.com\/fr\/wp-json\/wp\/v2\/product_brand?post=10553"},{"taxonomy":"product_cat","embeddable":true,"href":"https:\/\/ezsecur.elsnerdev.com\/fr\/wp-json\/wp\/v2\/product_cat?post=10553"},{"taxonomy":"product_tag","embeddable":true,"href":"https:\/\/ezsecur.elsnerdev.com\/fr\/wp-json\/wp\/v2\/product_tag?post=10553"}],"curies":[{"name":"wp","href":"https:\/\/api.w.org\/{rel}","templated":true}]}}