{"id":10598,"date":"2023-05-30T04:12:37","date_gmt":"2023-05-30T08:12:37","guid":{"rendered":"https:\/\/c55978fc42.nxcli.io\/?post_type=product&#038;p=10598"},"modified":"2026-03-03T01:22:36","modified_gmt":"2026-03-03T06:22:36","slug":"affiche-arret-stop-bilingue-aluminium-0-064-vinyle-grade-ingenieur-imprime-lamine-glace-24x24-standard-iz","status":"publish","type":"product","link":"https:\/\/ezsecur.elsnerdev.com\/fr\/product\/affiche-arret-stop-bilingue-aluminium-0-064-vinyle-grade-ingenieur-imprime-lamine-glace-24x24-standard-iz\/","title":{"rendered":"Affiche &#8211; Arr\u00eat stop bilingue &#8211; Aluminium 0.064 &#8211; Vinyle Grade Ing\u00e9nieur Imprim\u00e9 Lamin\u00e9 Glac\u00e9 &#8211; 24&#215;24 &#8211; STANDARD IZ"},"content":{"rendered":"<p>Affiche de signalisation bilingue :  Arr\u00eat\/Stop &#8211; Code : P-010<br \/>\nChoix de dimensions :<br \/>\n24\u00a0\u00bbx24\u00a0\u00bb<br \/>\n36\u00a0\u00bbx36\u00a0\u00bb <\/p>\n","protected":false},"excerpt":{"rendered":"<p>Affiche de signalisation bilingue : Arr\u00eat\/Stop &#8211; Code : P-010 Choix de dimensions : 24\u00a0\u00bbx24\u00a0\u00bb 36\u00a0\u00bbx36\u00a0\u00bb<\/p>\n","protected":false},"featured_media":27726,"template":"","meta":[],"product_brand":[],"product_cat":[2624,389,405],"product_tag":[],"class_list":{"0":"post-10598","1":"product","2":"type-product","3":"status-publish","4":"has-post-thumbnail","6":"product_cat-signalisation-de-prescription","7":"product_cat-signalisation-industrielle-et-circulation-sur-site","8":"product_cat-panneaux-de-signalisation-routiere","9":"pa_organization-ezsecur","10":"pa_sku-std-aff-arret-stop-ing-gla-24x24","11":"pa_unit-pcs","13":"first","14":"instock","15":"taxable","16":"shipping-taxable","17":"purchasable","18":"product-type-simple"},"_links":{"self":[{"href":"https:\/\/ezsecur.elsnerdev.com\/fr\/wp-json\/wp\/v2\/product\/10598","targetHints":{"allow":["GET"]}}],"collection":[{"href":"https:\/\/ezsecur.elsnerdev.com\/fr\/wp-json\/wp\/v2\/product"}],"about":[{"href":"https:\/\/ezsecur.elsnerdev.com\/fr\/wp-json\/wp\/v2\/types\/product"}],"wp:featuredmedia":[{"embeddable":true,"href":"https:\/\/ezsecur.elsnerdev.com\/fr\/wp-json\/wp\/v2\/media\/27726"}],"wp:attachment":[{"href":"https:\/\/ezsecur.elsnerdev.com\/fr\/wp-json\/wp\/v2\/media?parent=10598"}],"wp:term":[{"taxonomy":"product_brand","embeddable":true,"href":"https:\/\/ezsecur.elsnerdev.com\/fr\/wp-json\/wp\/v2\/product_brand?post=10598"},{"taxonomy":"product_cat","embeddable":true,"href":"https:\/\/ezsecur.elsnerdev.com\/fr\/wp-json\/wp\/v2\/product_cat?post=10598"},{"taxonomy":"product_tag","embeddable":true,"href":"https:\/\/ezsecur.elsnerdev.com\/fr\/wp-json\/wp\/v2\/product_tag?post=10598"}],"curies":[{"name":"wp","href":"https:\/\/api.w.org\/{rel}","templated":true}]}}