{"id":10643,"date":"2023-05-30T07:40:34","date_gmt":"2023-05-30T11:40:34","guid":{"rendered":"https:\/\/c55978fc42.nxcli.io\/?post_type=product&#038;p=10643"},"modified":"2026-03-03T01:22:37","modified_gmt":"2026-03-03T06:22:37","slug":"affiche-defense-de-stationner-sauf-vehicules-electriques-aluminium-0-064-vinyle-grade-ingenieur-12x24-standard-iz","status":"publish","type":"product","link":"https:\/\/ezsecur.elsnerdev.com\/fr\/product\/affiche-defense-de-stationner-sauf-vehicules-electriques-aluminium-0-064-vinyle-grade-ingenieur-12x24-standard-iz\/","title":{"rendered":"Affiche &#8211; D\u00e9fense de stationner sauf v\u00e9hicules \u00e9lectriques &#8211; Aluminium 0.064 &#8211; Vinyle Grade Ing\u00e9nieur &#8211; 12&#215;24 &#8211; STANDARD IZ"},"content":{"rendered":"<p>*** Fabriqu\u00e9 au Qu\u00e9bec ***<\/p>\n<pre id=\"subvalue_PRODUCTCF11\" class=\"mL45 robotoRegular DV_textAreaLineClamp\" data-zcqa=\"value_Description - French\">Fond blanc, lettrage noir, pictogrammes rouge, noir et vert. \r\nD\u00c9FENSE DE STATIONNER, SAUF V\u00c9HICULES \u00c9LECTRIQUES EN CHARGEMENT<\/pre>\n","protected":false},"excerpt":{"rendered":"<p>*** Fabriqu\u00e9 au Qu\u00e9bec *** Fond blanc, lettrage noir, pictogrammes rouge, noir et vert. D\u00c9FENSE DE STATIONNER, SAUF V\u00c9HICULES \u00c9LECTRIQUES EN CHARGEMENT<\/p>\n","protected":false},"featured_media":27730,"template":"","meta":[],"product_brand":[],"product_cat":[389,401],"product_tag":[],"class_list":{"0":"post-10643","1":"product","2":"type-product","3":"status-publish","4":"has-post-thumbnail","6":"product_cat-signalisation-industrielle-et-circulation-sur-site","7":"product_cat-affichage-industriel","8":"pa_organization-ezsecur","9":"pa_sku-std-aff-def-sta-elec-064-ing-12x24","10":"pa_unit-pcs","12":"first","13":"instock","14":"taxable","15":"shipping-taxable","16":"purchasable","17":"product-type-simple"},"_links":{"self":[{"href":"https:\/\/ezsecur.elsnerdev.com\/fr\/wp-json\/wp\/v2\/product\/10643","targetHints":{"allow":["GET"]}}],"collection":[{"href":"https:\/\/ezsecur.elsnerdev.com\/fr\/wp-json\/wp\/v2\/product"}],"about":[{"href":"https:\/\/ezsecur.elsnerdev.com\/fr\/wp-json\/wp\/v2\/types\/product"}],"wp:featuredmedia":[{"embeddable":true,"href":"https:\/\/ezsecur.elsnerdev.com\/fr\/wp-json\/wp\/v2\/media\/27730"}],"wp:attachment":[{"href":"https:\/\/ezsecur.elsnerdev.com\/fr\/wp-json\/wp\/v2\/media?parent=10643"}],"wp:term":[{"taxonomy":"product_brand","embeddable":true,"href":"https:\/\/ezsecur.elsnerdev.com\/fr\/wp-json\/wp\/v2\/product_brand?post=10643"},{"taxonomy":"product_cat","embeddable":true,"href":"https:\/\/ezsecur.elsnerdev.com\/fr\/wp-json\/wp\/v2\/product_cat?post=10643"},{"taxonomy":"product_tag","embeddable":true,"href":"https:\/\/ezsecur.elsnerdev.com\/fr\/wp-json\/wp\/v2\/product_tag?post=10643"}],"curies":[{"name":"wp","href":"https:\/\/api.w.org\/{rel}","templated":true}]}}