{"id":10677,"date":"2023-05-30T13:54:06","date_gmt":"2023-05-30T17:54:06","guid":{"rendered":"https:\/\/c55978fc42.nxcli.io\/?post_type=product&#038;p=10677"},"modified":"2026-03-03T01:22:40","modified_gmt":"2026-03-03T06:22:40","slug":"affiche-signal-avance-de-passage-pour-pietons-droit-aluminium-0-064-vinyle-ingenieur-imprime-lamine-glace-24x24-standard","status":"publish","type":"product","link":"https:\/\/ezsecur.elsnerdev.com\/fr\/product\/affiche-signal-avance-de-passage-pour-pietons-droit-aluminium-0-064-vinyle-ingenieur-imprime-lamine-glace-24x24-standard\/","title":{"rendered":"Affiche &#8211; Signal avanc\u00e9 de passage pour pi\u00e9tons droit &#8211; Aluminium 0.064 &#8211; Vinyle ing\u00e9nieur Imprim\u00e9 Lamin\u00e9 Glac\u00e9 &#8211; 24&#215;24 &#8211; STANDARD"},"content":{"rendered":"<pre id=\"subvalue_PRODUCTCF11\" class=\"mL45 robotoRegular DV_textAreaLineClamp\" data-zcqa=\"value_Description - French\">D-270-2-D Fond jaune, pictogramme noir. PICTOGRAMME PI\u00c9TON (vers la droite)\r\n \r\n Poster - Panneau de passage pour pi\u00e9tons \u00e0 droite - Alu- minum 0.064 - Vinyle d'ing\u00e9nieur imprim\u00e9 lamin\u00e9 brillant - 24x24 - STANDARD\r\n D-270-2-D\r\n Fond jaune, pictogramme noir. PICTOGRAMME P\u00c9DESTRESSEUR (\u00e0 droite)<\/pre>\n","protected":false},"excerpt":{"rendered":"<p>D-270-2-D Fond jaune, pictogramme noir. PICTOGRAMME PI\u00c9TON (vers la droite) Poster &#8211; Panneau de passage pour pi\u00e9tons \u00e0 droite &#8211; Alu- minum 0.064 &#8211; Vinyle d&rsquo;ing\u00e9nieur<span class=\"excerpt-hellip\"> [\u2026]<\/span><\/p>\n","protected":false},"featured_media":27735,"template":"","meta":[],"product_brand":[],"product_cat":[2626,389,405],"product_tag":[],"class_list":{"0":"post-10677","1":"product","2":"type-product","3":"status-publish","4":"has-post-thumbnail","6":"product_cat-signalisation-de-danger","7":"product_cat-signalisation-industrielle-et-circulation-sur-site","8":"product_cat-panneaux-de-signalisation-routiere","9":"pa_organization-ezsecur","10":"pa_sku-std-aff-avan-pied-064-ing-gla-24x24","11":"pa_unit-pcs","13":"first","14":"instock","15":"taxable","16":"shipping-taxable","17":"purchasable","18":"product-type-simple"},"_links":{"self":[{"href":"https:\/\/ezsecur.elsnerdev.com\/fr\/wp-json\/wp\/v2\/product\/10677","targetHints":{"allow":["GET"]}}],"collection":[{"href":"https:\/\/ezsecur.elsnerdev.com\/fr\/wp-json\/wp\/v2\/product"}],"about":[{"href":"https:\/\/ezsecur.elsnerdev.com\/fr\/wp-json\/wp\/v2\/types\/product"}],"wp:featuredmedia":[{"embeddable":true,"href":"https:\/\/ezsecur.elsnerdev.com\/fr\/wp-json\/wp\/v2\/media\/27735"}],"wp:attachment":[{"href":"https:\/\/ezsecur.elsnerdev.com\/fr\/wp-json\/wp\/v2\/media?parent=10677"}],"wp:term":[{"taxonomy":"product_brand","embeddable":true,"href":"https:\/\/ezsecur.elsnerdev.com\/fr\/wp-json\/wp\/v2\/product_brand?post=10677"},{"taxonomy":"product_cat","embeddable":true,"href":"https:\/\/ezsecur.elsnerdev.com\/fr\/wp-json\/wp\/v2\/product_cat?post=10677"},{"taxonomy":"product_tag","embeddable":true,"href":"https:\/\/ezsecur.elsnerdev.com\/fr\/wp-json\/wp\/v2\/product_tag?post=10677"}],"curies":[{"name":"wp","href":"https:\/\/api.w.org\/{rel}","templated":true}]}}