{"id":10689,"date":"2023-05-30T14:47:26","date_gmt":"2023-05-30T18:47:26","guid":{"rendered":"https:\/\/c55978fc42.nxcli.io\/?post_type=product&#038;p=10689"},"modified":"2026-03-03T01:22:42","modified_gmt":"2026-03-03T06:22:42","slug":"affiche-acces-interdit-aux-pietons-aluminium-0-064-vinyle-ingenieur-imprime-lamine-glace-24x24-standard","status":"publish","type":"product","link":"https:\/\/ezsecur.elsnerdev.com\/fr\/product\/affiche-acces-interdit-aux-pietons-aluminium-0-064-vinyle-ingenieur-imprime-lamine-glace-24x24-standard\/","title":{"rendered":"Affiche &#8211; Acc\u00e8s Interdit aux Pi\u00e9tons &#8211; Aluminium 0.064 &#8211; Vinyle ing\u00e9nieur Imprim\u00e9 Lamin\u00e9 Glac\u00e9 &#8211; 24&#215;24 &#8211; STANDARD"},"content":{"rendered":"<pre id=\"subvalue_PRODUCTCF11\" class=\"mL45 robotoRegular DV_textAreaLineClamp\" data-zcqa=\"value_Description - French\">Affiche interdit aux pi\u00e9tons\r\n  Fond blanc, pictogramme rouge et noir. \r\nPICTOGRAMME ACC\u00c8S INTERDIT AUX PI\u00c9TONS.<\/pre>\n","protected":false},"excerpt":{"rendered":"<p>Affiche interdit aux pi\u00e9tons Fond blanc, pictogramme rouge et noir. PICTOGRAMME ACC\u00c8S INTERDIT AUX PI\u00c9TONS.<\/p>\n","protected":false},"featured_media":27740,"template":"","meta":[],"product_brand":[],"product_cat":[2624,389,405],"product_tag":[],"class_list":{"0":"post-10689","1":"product","2":"type-product","3":"status-publish","4":"has-post-thumbnail","6":"product_cat-signalisation-de-prescription","7":"product_cat-signalisation-industrielle-et-circulation-sur-site","8":"product_cat-panneaux-de-signalisation-routiere","9":"pa_organization-ezsecur","10":"pa_sku-std-aff-int-pie-064-ing-gla-24x24","11":"pa_unit-pcs","13":"first","14":"instock","15":"taxable","16":"shipping-taxable","17":"purchasable","18":"product-type-simple"},"_links":{"self":[{"href":"https:\/\/ezsecur.elsnerdev.com\/fr\/wp-json\/wp\/v2\/product\/10689","targetHints":{"allow":["GET"]}}],"collection":[{"href":"https:\/\/ezsecur.elsnerdev.com\/fr\/wp-json\/wp\/v2\/product"}],"about":[{"href":"https:\/\/ezsecur.elsnerdev.com\/fr\/wp-json\/wp\/v2\/types\/product"}],"wp:featuredmedia":[{"embeddable":true,"href":"https:\/\/ezsecur.elsnerdev.com\/fr\/wp-json\/wp\/v2\/media\/27740"}],"wp:attachment":[{"href":"https:\/\/ezsecur.elsnerdev.com\/fr\/wp-json\/wp\/v2\/media?parent=10689"}],"wp:term":[{"taxonomy":"product_brand","embeddable":true,"href":"https:\/\/ezsecur.elsnerdev.com\/fr\/wp-json\/wp\/v2\/product_brand?post=10689"},{"taxonomy":"product_cat","embeddable":true,"href":"https:\/\/ezsecur.elsnerdev.com\/fr\/wp-json\/wp\/v2\/product_cat?post=10689"},{"taxonomy":"product_tag","embeddable":true,"href":"https:\/\/ezsecur.elsnerdev.com\/fr\/wp-json\/wp\/v2\/product_tag?post=10689"}],"curies":[{"name":"wp","href":"https:\/\/api.w.org\/{rel}","templated":true}]}}