{"id":10745,"date":"2023-05-30T16:45:49","date_gmt":"2023-05-30T20:45:49","guid":{"rendered":"https:\/\/c55978fc42.nxcli.io\/?post_type=product&#038;p=10745"},"modified":"2026-03-03T01:22:43","modified_gmt":"2026-03-03T06:22:43","slug":"affiche-vitesse-max-5-aluminium-0-064-vinyle-grade-ingenieur-imprime-lamine-glace-24x30-standard","status":"publish","type":"product","link":"https:\/\/ezsecur.elsnerdev.com\/fr\/product\/affiche-vitesse-max-5-aluminium-0-064-vinyle-grade-ingenieur-imprime-lamine-glace-24x30-standard\/","title":{"rendered":"Affiche vitesse max 5 &#8211; Aluminium 0.064 &#8211; Vinyle Grade Ing\u00e9nieur Imprim\u00e9 Lamin\u00e9 Glac\u00e9 &#8211; 24&#215;30 &#8211; STANDARD"},"content":{"rendered":"<p>Panneau de signalisation vitesse maximum 5km\/h<br \/>\nDimensions 24&#215;30<br \/>\nAluminium 064<br \/>\nCoins arrondis<br \/>\nVinyle grade ing\u00e9nieur<br \/>\nFond blanc<br \/>\nLettrage noir<br \/>\nContour noir<\/p>\n<p>Prix \u00e0 l&rsquo;unit\u00e9<\/p>\n","protected":false},"excerpt":{"rendered":"<p>Panneau de signalisation vitesse maximum 5km\/h Dimensions 24&#215;30 Aluminium 064 Coins arrondis Vinyle grade ing\u00e9nieur Fond blanc Lettrage noir Contour noir Prix \u00e0 l&rsquo;unit\u00e9<\/p>\n","protected":false},"featured_media":27743,"template":"","meta":[],"product_brand":[],"product_cat":[2624,389,405],"product_tag":[],"class_list":{"0":"post-10745","1":"product","2":"type-product","3":"status-publish","4":"has-post-thumbnail","6":"product_cat-signalisation-de-prescription","7":"product_cat-signalisation-industrielle-et-circulation-sur-site","8":"product_cat-panneaux-de-signalisation-routiere","9":"pa_organization-ezsecur","10":"pa_sku-std-aff-max5-ing-gla-24x30","11":"pa_unit-pcs","13":"first","14":"instock","15":"taxable","16":"shipping-taxable","17":"purchasable","18":"product-type-simple"},"_links":{"self":[{"href":"https:\/\/ezsecur.elsnerdev.com\/fr\/wp-json\/wp\/v2\/product\/10745","targetHints":{"allow":["GET"]}}],"collection":[{"href":"https:\/\/ezsecur.elsnerdev.com\/fr\/wp-json\/wp\/v2\/product"}],"about":[{"href":"https:\/\/ezsecur.elsnerdev.com\/fr\/wp-json\/wp\/v2\/types\/product"}],"wp:featuredmedia":[{"embeddable":true,"href":"https:\/\/ezsecur.elsnerdev.com\/fr\/wp-json\/wp\/v2\/media\/27743"}],"wp:attachment":[{"href":"https:\/\/ezsecur.elsnerdev.com\/fr\/wp-json\/wp\/v2\/media?parent=10745"}],"wp:term":[{"taxonomy":"product_brand","embeddable":true,"href":"https:\/\/ezsecur.elsnerdev.com\/fr\/wp-json\/wp\/v2\/product_brand?post=10745"},{"taxonomy":"product_cat","embeddable":true,"href":"https:\/\/ezsecur.elsnerdev.com\/fr\/wp-json\/wp\/v2\/product_cat?post=10745"},{"taxonomy":"product_tag","embeddable":true,"href":"https:\/\/ezsecur.elsnerdev.com\/fr\/wp-json\/wp\/v2\/product_tag?post=10745"}],"curies":[{"name":"wp","href":"https:\/\/api.w.org\/{rel}","templated":true}]}}