{"id":10749,"date":"2023-05-30T16:52:03","date_gmt":"2023-05-30T20:52:03","guid":{"rendered":"https:\/\/c55978fc42.nxcli.io\/?post_type=product&#038;p=10749"},"modified":"2026-03-03T01:22:44","modified_gmt":"2026-03-03T06:22:44","slug":"affiche-defense-de-stationner-zone-a-droite-et-gauche-aluminium-0-064-vinyle-grade-ingenieur-12x24-standard","status":"publish","type":"product","link":"https:\/\/ezsecur.elsnerdev.com\/fr\/product\/affiche-defense-de-stationner-zone-a-droite-et-gauche-aluminium-0-064-vinyle-grade-ingenieur-12x24-standard\/","title":{"rendered":"Affiche &#8211; D\u00e9fense de stationner &#8211; Zone \u00e0 droite et gauche &#8211; Aluminium 0.064 &#8211; Vinyle Grade Ing\u00e9nieur &#8211; 12&#215;24 &#8211; STANDARD"},"content":{"rendered":"<p>Affiche d\u00e9fense de stationner, zone d\u00e9limit\u00e9e par une fl\u00e8che \u00e0 gauche et \u00e0 droite<br \/>\nDimensions 12&#215;24<br \/>\nAluminium 0.064<br \/>\nVinyle grade ing\u00e9nieur<br \/>\nImpression UV<br \/>\nFond blanc, lettrage noir avec pictogramme.<\/p>\n<p>Prix \u00e0 l&rsquo;unit\u00e9<\/p>\n","protected":false},"excerpt":{"rendered":"<p>Affiche d\u00e9fense de stationner, zone d\u00e9limit\u00e9e par une fl\u00e8che \u00e0 gauche et \u00e0 droite Dimensions 12&#215;24 Aluminium 0.064 Vinyle grade ing\u00e9nieur Impression UV Fond blanc, lettrage<span class=\"excerpt-hellip\"> [\u2026]<\/span><\/p>\n","protected":false},"featured_media":27744,"template":"","meta":[],"product_brand":[],"product_cat":[2624,389,405],"product_tag":[],"class_list":{"0":"post-10749","1":"product","2":"type-product","3":"status-publish","4":"has-post-thumbnail","6":"product_cat-signalisation-de-prescription","7":"product_cat-signalisation-industrielle-et-circulation-sur-site","8":"product_cat-panneaux-de-signalisation-routiere","9":"pa_organization-ezsecur","10":"pa_sku-std-aff-def-sta-zone-064-ing-12x24","11":"pa_unit-pcs","13":"first","14":"instock","15":"taxable","16":"shipping-taxable","17":"purchasable","18":"product-type-simple"},"_links":{"self":[{"href":"https:\/\/ezsecur.elsnerdev.com\/fr\/wp-json\/wp\/v2\/product\/10749","targetHints":{"allow":["GET"]}}],"collection":[{"href":"https:\/\/ezsecur.elsnerdev.com\/fr\/wp-json\/wp\/v2\/product"}],"about":[{"href":"https:\/\/ezsecur.elsnerdev.com\/fr\/wp-json\/wp\/v2\/types\/product"}],"wp:featuredmedia":[{"embeddable":true,"href":"https:\/\/ezsecur.elsnerdev.com\/fr\/wp-json\/wp\/v2\/media\/27744"}],"wp:attachment":[{"href":"https:\/\/ezsecur.elsnerdev.com\/fr\/wp-json\/wp\/v2\/media?parent=10749"}],"wp:term":[{"taxonomy":"product_brand","embeddable":true,"href":"https:\/\/ezsecur.elsnerdev.com\/fr\/wp-json\/wp\/v2\/product_brand?post=10749"},{"taxonomy":"product_cat","embeddable":true,"href":"https:\/\/ezsecur.elsnerdev.com\/fr\/wp-json\/wp\/v2\/product_cat?post=10749"},{"taxonomy":"product_tag","embeddable":true,"href":"https:\/\/ezsecur.elsnerdev.com\/fr\/wp-json\/wp\/v2\/product_tag?post=10749"}],"curies":[{"name":"wp","href":"https:\/\/api.w.org\/{rel}","templated":true}]}}