{"id":10774,"date":"2023-05-31T04:23:37","date_gmt":"2023-05-31T08:23:37","guid":{"rendered":"https:\/\/c55978fc42.nxcli.io\/?post_type=product&#038;p=10774"},"modified":"2026-03-03T01:22:46","modified_gmt":"2026-03-03T06:22:46","slug":"affiche-pieton-passage-a-droite-aluminium-0-064-vinyle-grade-ingenieur-imprime-lamine-glace-24x30-standard","status":"publish","type":"product","link":"https:\/\/ezsecur.elsnerdev.com\/fr\/product\/affiche-pieton-passage-a-droite-aluminium-0-064-vinyle-grade-ingenieur-imprime-lamine-glace-24x30-standard\/","title":{"rendered":"Affiche &#8211; Pi\u00e9ton Passage \u00e0 droite &#8211; Aluminium 0.064 &#8211; Vinyle grade ing\u00e9nieur imprim\u00e9 lamin\u00e9 glac\u00e9 &#8211; 24&#215;30 &#8211; STANDARD"},"content":{"rendered":"<p>Affiche passage pi\u00e9ton \u00e0 droite<br \/>\nDimensions 24&#215;30<br \/>\nAluminium 0.064<br \/>\nVinyle grade ing\u00e9nieur<br \/>\nImpression UV<br \/>\nFond blanc<br \/>\nLettrage noir<br \/>\nAvec pictogrammes<\/p>\n<p>Prix \u00e0 l&rsquo;unit\u00e9<\/p>\n","protected":false},"excerpt":{"rendered":"<p>Affiche passage pi\u00e9ton \u00e0 droite Dimensions 24&#215;30 Aluminium 0.064 Vinyle grade ing\u00e9nieur Impression UV Fond blanc Lettrage noir Avec pictogrammes Prix \u00e0 l&rsquo;unit\u00e9<\/p>\n","protected":false},"featured_media":27749,"template":"","meta":[],"product_brand":[],"product_cat":[2626,389,405],"product_tag":[],"class_list":{"0":"post-10774","1":"product","2":"type-product","3":"status-publish","4":"has-post-thumbnail","6":"product_cat-signalisation-de-danger","7":"product_cat-signalisation-industrielle-et-circulation-sur-site","8":"product_cat-panneaux-de-signalisation-routiere","9":"pa_organization-ezsecur","10":"pa_sku-std-aff-pie-dte-064-ing-gla-24x30","11":"pa_unit-pcs","13":"first","14":"instock","15":"taxable","16":"shipping-taxable","17":"purchasable","18":"product-type-simple"},"_links":{"self":[{"href":"https:\/\/ezsecur.elsnerdev.com\/fr\/wp-json\/wp\/v2\/product\/10774","targetHints":{"allow":["GET"]}}],"collection":[{"href":"https:\/\/ezsecur.elsnerdev.com\/fr\/wp-json\/wp\/v2\/product"}],"about":[{"href":"https:\/\/ezsecur.elsnerdev.com\/fr\/wp-json\/wp\/v2\/types\/product"}],"wp:featuredmedia":[{"embeddable":true,"href":"https:\/\/ezsecur.elsnerdev.com\/fr\/wp-json\/wp\/v2\/media\/27749"}],"wp:attachment":[{"href":"https:\/\/ezsecur.elsnerdev.com\/fr\/wp-json\/wp\/v2\/media?parent=10774"}],"wp:term":[{"taxonomy":"product_brand","embeddable":true,"href":"https:\/\/ezsecur.elsnerdev.com\/fr\/wp-json\/wp\/v2\/product_brand?post=10774"},{"taxonomy":"product_cat","embeddable":true,"href":"https:\/\/ezsecur.elsnerdev.com\/fr\/wp-json\/wp\/v2\/product_cat?post=10774"},{"taxonomy":"product_tag","embeddable":true,"href":"https:\/\/ezsecur.elsnerdev.com\/fr\/wp-json\/wp\/v2\/product_tag?post=10774"}],"curies":[{"name":"wp","href":"https:\/\/api.w.org\/{rel}","templated":true}]}}