{"id":10786,"date":"2023-05-31T04:39:32","date_gmt":"2023-05-31T08:39:32","guid":{"rendered":"https:\/\/c55978fc42.nxcli.io\/?post_type=product&#038;p=10786"},"modified":"2026-03-03T01:22:51","modified_gmt":"2026-03-03T06:22:51","slug":"affiche-detour-fleche-vers-la-gauche-aluminium-0-064-vinyle-grade-diamant-30x30-standard","status":"publish","type":"product","link":"https:\/\/ezsecur.elsnerdev.com\/fr\/product\/affiche-detour-fleche-vers-la-gauche-aluminium-0-064-vinyle-grade-diamant-30x30-standard\/","title":{"rendered":"Affiche &#8211; D\u00c9TOUR, FL\u00c8CHE VERS LA GAUCHE &#8211; Aluminium 0.064 &#8211; Vinyle Grade Diamant &#8211; 30&#215;30 &#8211; STANDARD"},"content":{"rendered":"<p>Affiche &#8211; D\u00c9TOUR, FL\u00c8CHE VERS LA GAUCHE<br \/>\n&#8211; Aluminium 0.064 &#8211; Vinyle Grade Diamant &#8211; 30&#215;30 &#8211; STANDARD<br \/>\nD\u00c9TOUR, FL\u00c8CHE \u00c0 GAUCHE.<\/p>\n<p>Poster &#8211; DETOUR, ARROW TO THE LEFT &#8211;<br \/>\nAluminum 0.064 &#8211; Diamond Grade Vinyl &#8211; 30&#215;30<br \/>\n&#8211; STANDARD<br \/>\nDETOUR, LEFT ARROW.<\/p>\n","protected":false},"excerpt":{"rendered":"<p>Affiche &#8211; D\u00c9TOUR, FL\u00c8CHE VERS LA GAUCHE &#8211; Aluminium 0.064 &#8211; Vinyle Grade Diamant &#8211; 30&#215;30 &#8211; STANDARD D\u00c9TOUR, FL\u00c8CHE \u00c0 GAUCHE. Poster &#8211; DETOUR, ARROW<span class=\"excerpt-hellip\"> [\u2026]<\/span><\/p>\n","protected":false},"featured_media":27752,"template":"","meta":[],"product_brand":[],"product_cat":[2627,389,405],"product_tag":[],"class_list":{"0":"post-10786","1":"product","2":"type-product","3":"status-publish","4":"has-post-thumbnail","6":"product_cat-signalisation-de-zones-de-travaux","7":"product_cat-signalisation-industrielle-et-circulation-sur-site","8":"product_cat-panneaux-de-signalisation-routiere","9":"pa_organization-ezsecur","10":"pa_sku-std-aff-detgch-064-dia-30x30","11":"pa_unit-pcs","13":"first","14":"instock","15":"taxable","16":"shipping-taxable","17":"purchasable","18":"product-type-simple"},"_links":{"self":[{"href":"https:\/\/ezsecur.elsnerdev.com\/fr\/wp-json\/wp\/v2\/product\/10786","targetHints":{"allow":["GET"]}}],"collection":[{"href":"https:\/\/ezsecur.elsnerdev.com\/fr\/wp-json\/wp\/v2\/product"}],"about":[{"href":"https:\/\/ezsecur.elsnerdev.com\/fr\/wp-json\/wp\/v2\/types\/product"}],"wp:featuredmedia":[{"embeddable":true,"href":"https:\/\/ezsecur.elsnerdev.com\/fr\/wp-json\/wp\/v2\/media\/27752"}],"wp:attachment":[{"href":"https:\/\/ezsecur.elsnerdev.com\/fr\/wp-json\/wp\/v2\/media?parent=10786"}],"wp:term":[{"taxonomy":"product_brand","embeddable":true,"href":"https:\/\/ezsecur.elsnerdev.com\/fr\/wp-json\/wp\/v2\/product_brand?post=10786"},{"taxonomy":"product_cat","embeddable":true,"href":"https:\/\/ezsecur.elsnerdev.com\/fr\/wp-json\/wp\/v2\/product_cat?post=10786"},{"taxonomy":"product_tag","embeddable":true,"href":"https:\/\/ezsecur.elsnerdev.com\/fr\/wp-json\/wp\/v2\/product_tag?post=10786"}],"curies":[{"name":"wp","href":"https:\/\/api.w.org\/{rel}","templated":true}]}}