{"id":10790,"date":"2023-05-31T04:44:17","date_gmt":"2023-05-31T08:44:17","guid":{"rendered":"https:\/\/c55978fc42.nxcli.io\/?post_type=product&#038;p=10790"},"modified":"2026-03-03T01:22:51","modified_gmt":"2026-03-03T06:22:51","slug":"affiche-detour-fleche-vers-la-droite-aluminium-0-064-vinyle-grade-diamant-30x30-standard","status":"publish","type":"product","link":"https:\/\/ezsecur.elsnerdev.com\/fr\/product\/affiche-detour-fleche-vers-la-droite-aluminium-0-064-vinyle-grade-diamant-30x30-standard\/","title":{"rendered":"Affiche &#8211; D\u00c9TOUR, FL\u00c8CHE VERS LA DROITE &#8211; Aluminium 0.064 &#8211; Vinyle Grade Diamant &#8211; 30&#215;30 &#8211; STANDARD"},"content":{"rendered":"<pre id=\"subvalue_PRODUCTCF11\" class=\"mL45 robotoRegular DV_textAreaLineClamp\" data-zcqa=\"value_Description - French\">- Aluminium 0.064 - Vinyle Grade Diamant - 30x30 - STANDARD\r\n D\u00c9TOUR, FL\u00c8CHE \u00c0 DROITE\r\n \r\n Poster - DETOUR, ARROW TO THE RIGHT -\r\n Aluminum 0.064 - Diamond Grade Vinyl - 30x30\r\n - STANDARD\r\n DETOUR, RIGHT ARROW<\/pre>\n","protected":false},"excerpt":{"rendered":"<p>&#8211; Aluminium 0.064 &#8211; Vinyle Grade Diamant &#8211; 30&#215;30 &#8211; STANDARD D\u00c9TOUR, FL\u00c8CHE \u00c0 DROITE Poster &#8211; DETOUR, ARROW TO THE RIGHT &#8211; Aluminum 0.064 &#8211;<span class=\"excerpt-hellip\"> [\u2026]<\/span><\/p>\n","protected":false},"featured_media":27753,"template":"","meta":[],"product_brand":[],"product_cat":[2627,389,405],"product_tag":[],"class_list":{"0":"post-10790","1":"product","2":"type-product","3":"status-publish","4":"has-post-thumbnail","6":"product_cat-signalisation-de-zones-de-travaux","7":"product_cat-signalisation-industrielle-et-circulation-sur-site","8":"product_cat-panneaux-de-signalisation-routiere","9":"pa_organization-ezsecur","10":"pa_sku-std-aff-detdrt-064-dia-30x30","11":"pa_unit-pcs","13":"first","14":"instock","15":"taxable","16":"shipping-taxable","17":"purchasable","18":"product-type-simple"},"_links":{"self":[{"href":"https:\/\/ezsecur.elsnerdev.com\/fr\/wp-json\/wp\/v2\/product\/10790","targetHints":{"allow":["GET"]}}],"collection":[{"href":"https:\/\/ezsecur.elsnerdev.com\/fr\/wp-json\/wp\/v2\/product"}],"about":[{"href":"https:\/\/ezsecur.elsnerdev.com\/fr\/wp-json\/wp\/v2\/types\/product"}],"wp:featuredmedia":[{"embeddable":true,"href":"https:\/\/ezsecur.elsnerdev.com\/fr\/wp-json\/wp\/v2\/media\/27753"}],"wp:attachment":[{"href":"https:\/\/ezsecur.elsnerdev.com\/fr\/wp-json\/wp\/v2\/media?parent=10790"}],"wp:term":[{"taxonomy":"product_brand","embeddable":true,"href":"https:\/\/ezsecur.elsnerdev.com\/fr\/wp-json\/wp\/v2\/product_brand?post=10790"},{"taxonomy":"product_cat","embeddable":true,"href":"https:\/\/ezsecur.elsnerdev.com\/fr\/wp-json\/wp\/v2\/product_cat?post=10790"},{"taxonomy":"product_tag","embeddable":true,"href":"https:\/\/ezsecur.elsnerdev.com\/fr\/wp-json\/wp\/v2\/product_tag?post=10790"}],"curies":[{"name":"wp","href":"https:\/\/api.w.org\/{rel}","templated":true}]}}