{"id":10814,"date":"2023-05-31T05:29:05","date_gmt":"2023-05-31T09:29:05","guid":{"rendered":"https:\/\/c55978fc42.nxcli.io\/?post_type=product&#038;p=10814"},"modified":"2026-03-03T01:22:52","modified_gmt":"2026-03-03T06:22:52","slug":"affiche-stop-line-fleche-droite-aluminium-0064-stratifie-brillant-imprime-en-vinyle-de-qualite-ingenieur-24x30-standard","status":"publish","type":"product","link":"https:\/\/ezsecur.elsnerdev.com\/fr\/product\/affiche-stop-line-fleche-droite-aluminium-0064-stratifie-brillant-imprime-en-vinyle-de-qualite-ingenieur-24x30-standard\/","title":{"rendered":"Affiche Stop Line, fl\u00e8che droite &#8211; Aluminium 0,064 &#8211; Stratifi\u00e9 brillant imprim\u00e9 en vinyle de qualit\u00e9 ing\u00e9nieur &#8211; 24&#215;30 &#8211; STANDARD"},"content":{"rendered":"<pre id=\"subvalue_PRODUCTCF6\" class=\"mL45 robotoRegular DV_textAreaLineClamp\" data-zcqa=\"value_Description in English\">Stop Line Poster, Right Arrow - Aluminum 0.064 - Engineer Grade Vinyl Printed Glossy Laminate - 24x30 - STANDARD\r\n Right Arrow\r\n \r\n Stop Line Poster, Right Arrow - Aluminum\r\n 0.064 - Engineer Grade Vinyl Printed Glossy Laminate - 24x30 - STANDARD\r\n Right arrow<\/pre>\n","protected":false},"excerpt":{"rendered":"<p>Stop Line Poster, Right Arrow &#8211; Aluminum 0.064 &#8211; Engineer Grade Vinyl Printed Glossy Laminate &#8211; 24&#215;30 &#8211; STANDARD Right Arrow Stop Line Poster, Right Arrow<span class=\"excerpt-hellip\"> [\u2026]<\/span><\/p>\n","protected":false},"featured_media":27755,"template":"","meta":[],"product_brand":[],"product_cat":[2624,389,405],"product_tag":[],"class_list":{"0":"post-10814","1":"product","2":"type-product","3":"status-publish","4":"has-post-thumbnail","6":"product_cat-signalisation-de-prescription","7":"product_cat-signalisation-industrielle-et-circulation-sur-site","8":"product_cat-panneaux-de-signalisation-routiere","9":"pa_organization-ezsecur","10":"pa_sku-std-aff-arret-droi-ing-gla-24x30","11":"pa_unit-pcs","13":"first","14":"instock","15":"taxable","16":"shipping-taxable","17":"purchasable","18":"product-type-simple"},"_links":{"self":[{"href":"https:\/\/ezsecur.elsnerdev.com\/fr\/wp-json\/wp\/v2\/product\/10814","targetHints":{"allow":["GET"]}}],"collection":[{"href":"https:\/\/ezsecur.elsnerdev.com\/fr\/wp-json\/wp\/v2\/product"}],"about":[{"href":"https:\/\/ezsecur.elsnerdev.com\/fr\/wp-json\/wp\/v2\/types\/product"}],"wp:featuredmedia":[{"embeddable":true,"href":"https:\/\/ezsecur.elsnerdev.com\/fr\/wp-json\/wp\/v2\/media\/27755"}],"wp:attachment":[{"href":"https:\/\/ezsecur.elsnerdev.com\/fr\/wp-json\/wp\/v2\/media?parent=10814"}],"wp:term":[{"taxonomy":"product_brand","embeddable":true,"href":"https:\/\/ezsecur.elsnerdev.com\/fr\/wp-json\/wp\/v2\/product_brand?post=10814"},{"taxonomy":"product_cat","embeddable":true,"href":"https:\/\/ezsecur.elsnerdev.com\/fr\/wp-json\/wp\/v2\/product_cat?post=10814"},{"taxonomy":"product_tag","embeddable":true,"href":"https:\/\/ezsecur.elsnerdev.com\/fr\/wp-json\/wp\/v2\/product_tag?post=10814"}],"curies":[{"name":"wp","href":"https:\/\/api.w.org\/{rel}","templated":true}]}}