{"id":10818,"date":"2023-05-31T05:33:45","date_gmt":"2023-05-31T09:33:45","guid":{"rendered":"https:\/\/c55978fc42.nxcli.io\/?post_type=product&#038;p=10818"},"modified":"2026-03-03T01:22:53","modified_gmt":"2026-03-03T06:22:53","slug":"affiche-ligne-darret-fleche-a-gauche-aluminium-0-064-vinyle-grade-ingenieur-imprime-lamine-glace-24x30-standard","status":"publish","type":"product","link":"https:\/\/ezsecur.elsnerdev.com\/fr\/product\/affiche-ligne-darret-fleche-a-gauche-aluminium-0-064-vinyle-grade-ingenieur-imprime-lamine-glace-24x30-standard\/","title":{"rendered":"Affiche Ligne d&rsquo;arr\u00eat, fl\u00e8che \u00e0 gauche &#8211; Aluminium 0.064 &#8211; Vinyle Grade Ing\u00e9nieur Imprim\u00e9 Lamin\u00e9 Glac\u00e9 &#8211; 24&#215;30 &#8211; STANDARD"},"content":{"rendered":"<pre id=\"subvalue_PRODUCTCF11\" class=\"mL45 robotoRegular DV_textAreaLineClamp\" data-zcqa=\"value_Description - French\">Affiche Ligne d\u2019arr\u00eat, fl\u00e8che \u00e0 gauche - Alu- minium 0.064 - Vinyle Grade Ing\u00e9nieur Imprim\u00e9 Lamin\u00e9 Glac\u00e9 - 24x30 - STANDARD\r\n Fl\u00e8che \u00e0 gauche\r\n \r\n Stop Line Poster, Left Arrow - Aluminum\r\n 0.064 - Engineer\u2019s Grade Vinyl Printed Glossy Laminate - 24x30 - STANDARD\r\n Left arrow<\/pre>\n","protected":false},"excerpt":{"rendered":"<p>Affiche Ligne d\u2019arr\u00eat, fl\u00e8che \u00e0 gauche &#8211; Alu- minium 0.064 &#8211; Vinyle Grade Ing\u00e9nieur Imprim\u00e9 Lamin\u00e9 Glac\u00e9 &#8211; 24&#215;30 &#8211; STANDARD Fl\u00e8che \u00e0 gauche Stop Line<span class=\"excerpt-hellip\"> [\u2026]<\/span><\/p>\n","protected":false},"featured_media":27756,"template":"","meta":[],"product_brand":[],"product_cat":[2624,389,405],"product_tag":[],"class_list":{"0":"post-10818","1":"product","2":"type-product","3":"status-publish","4":"has-post-thumbnail","6":"product_cat-signalisation-de-prescription","7":"product_cat-signalisation-industrielle-et-circulation-sur-site","8":"product_cat-panneaux-de-signalisation-routiere","9":"pa_organization-ezsecur","10":"pa_sku-std-aff-arret-gau-ing-gla-24x30","11":"pa_unit-pcs","13":"first","14":"instock","15":"taxable","16":"shipping-taxable","17":"purchasable","18":"product-type-simple"},"_links":{"self":[{"href":"https:\/\/ezsecur.elsnerdev.com\/fr\/wp-json\/wp\/v2\/product\/10818","targetHints":{"allow":["GET"]}}],"collection":[{"href":"https:\/\/ezsecur.elsnerdev.com\/fr\/wp-json\/wp\/v2\/product"}],"about":[{"href":"https:\/\/ezsecur.elsnerdev.com\/fr\/wp-json\/wp\/v2\/types\/product"}],"wp:featuredmedia":[{"embeddable":true,"href":"https:\/\/ezsecur.elsnerdev.com\/fr\/wp-json\/wp\/v2\/media\/27756"}],"wp:attachment":[{"href":"https:\/\/ezsecur.elsnerdev.com\/fr\/wp-json\/wp\/v2\/media?parent=10818"}],"wp:term":[{"taxonomy":"product_brand","embeddable":true,"href":"https:\/\/ezsecur.elsnerdev.com\/fr\/wp-json\/wp\/v2\/product_brand?post=10818"},{"taxonomy":"product_cat","embeddable":true,"href":"https:\/\/ezsecur.elsnerdev.com\/fr\/wp-json\/wp\/v2\/product_cat?post=10818"},{"taxonomy":"product_tag","embeddable":true,"href":"https:\/\/ezsecur.elsnerdev.com\/fr\/wp-json\/wp\/v2\/product_tag?post=10818"}],"curies":[{"name":"wp","href":"https:\/\/api.w.org\/{rel}","templated":true}]}}