{"id":10830,"date":"2023-05-31T06:28:05","date_gmt":"2023-05-31T10:28:05","guid":{"rendered":"https:\/\/c55978fc42.nxcli.io\/?post_type=product&#038;p=10830"},"modified":"2026-03-03T01:22:54","modified_gmt":"2026-03-03T06:22:54","slug":"affiche-max-15-speed-aluminium-0064-stratifie-brillant-imprime-en-vinyle-de-qualite-ingenieur-24x30-standard","status":"publish","type":"product","link":"https:\/\/ezsecur.elsnerdev.com\/fr\/product\/affiche-max-15-speed-aluminium-0064-stratifie-brillant-imprime-en-vinyle-de-qualite-ingenieur-24x30-standard\/","title":{"rendered":"Affiche vitesse Max 15 \u200b\u200b- Aluminium 0,064 &#8211; vinyle grade ing\u00e9nieur imprim\u00e9 lamin\u00e9 glac\u00e9 &#8211; 24&#215;30 &#8211; STANDARD"},"content":{"rendered":"<pre id=\"subvalue_PRODUCTCF6\" class=\"mL45 robotoRegular DV_textAreaLineClamp\" data-zcqa=\"value_Description in English\">Affiche vitesse maximum autoris\u00e9e: 15 \r\n- Aluminum 0.064 \r\n- Vinyl Grade ing\u00e9nieur imprim\u00e9 lamin\u00e9 glac\u00e9\r\n- 24x30 \r\n- STANDARD<\/pre>\n","protected":false},"excerpt":{"rendered":"<p>Affiche vitesse maximum autoris\u00e9e: 15 &#8211; Aluminum 0.064 &#8211; Vinyl Grade ing\u00e9nieur imprim\u00e9 lamin\u00e9 glac\u00e9 &#8211; 24&#215;30 &#8211; STANDARD<\/p>\n","protected":false},"featured_media":27758,"template":"","meta":[],"product_brand":[],"product_cat":[2624,389,405],"product_tag":[],"class_list":{"0":"post-10830","1":"product","2":"type-product","3":"status-publish","4":"has-post-thumbnail","6":"product_cat-signalisation-de-prescription","7":"product_cat-signalisation-industrielle-et-circulation-sur-site","8":"product_cat-panneaux-de-signalisation-routiere","9":"pa_organization-ezsecur","10":"pa_sku-std-aff-max15-ing-gla-24x30","11":"pa_unit-pcs","13":"first","14":"instock","15":"taxable","16":"shipping-taxable","17":"purchasable","18":"product-type-simple"},"_links":{"self":[{"href":"https:\/\/ezsecur.elsnerdev.com\/fr\/wp-json\/wp\/v2\/product\/10830","targetHints":{"allow":["GET"]}}],"collection":[{"href":"https:\/\/ezsecur.elsnerdev.com\/fr\/wp-json\/wp\/v2\/product"}],"about":[{"href":"https:\/\/ezsecur.elsnerdev.com\/fr\/wp-json\/wp\/v2\/types\/product"}],"wp:featuredmedia":[{"embeddable":true,"href":"https:\/\/ezsecur.elsnerdev.com\/fr\/wp-json\/wp\/v2\/media\/27758"}],"wp:attachment":[{"href":"https:\/\/ezsecur.elsnerdev.com\/fr\/wp-json\/wp\/v2\/media?parent=10830"}],"wp:term":[{"taxonomy":"product_brand","embeddable":true,"href":"https:\/\/ezsecur.elsnerdev.com\/fr\/wp-json\/wp\/v2\/product_brand?post=10830"},{"taxonomy":"product_cat","embeddable":true,"href":"https:\/\/ezsecur.elsnerdev.com\/fr\/wp-json\/wp\/v2\/product_cat?post=10830"},{"taxonomy":"product_tag","embeddable":true,"href":"https:\/\/ezsecur.elsnerdev.com\/fr\/wp-json\/wp\/v2\/product_tag?post=10830"}],"curies":[{"name":"wp","href":"https:\/\/api.w.org\/{rel}","templated":true}]}}