{"id":10903,"date":"2023-09-23T18:03:01","date_gmt":"2023-09-23T22:03:01","guid":{"rendered":"https:\/\/c55978fc42.nxcli.io\/?post_type=product&#038;p=10903"},"modified":"2026-03-03T01:22:58","modified_gmt":"2026-03-03T06:22:58","slug":"square-steel-base-post-black-paint-forkliftable-2x2x60-standard-iz","status":"publish","type":"product","link":"https:\/\/ezsecur.elsnerdev.com\/fr\/product\/square-steel-base-post-black-paint-forkliftable-2x2x60-standard-iz\/","title":{"rendered":"Base en acier carr\u00e9e &#8211; Poteau &#8211; Peinture noire &#8211; Transportable par chariot \u00e9l\u00e9vateur &#8211; 2x2x60 &#8211; STANDARD IZ"},"content":{"rendered":"<p>*** Fabriqu\u00e9 au Qu\u00e9bec ***<\/p>\n<pre id=\"subvalue_PRODUCTCF6\" class=\"mL45 robotoRegular DV_textAreaLineClamp\" data-zcqa=\"value_Description in English\">Base carr\u00e9e 24x24 avec poteau transportable par charriot \u00e9l\u00e9vateur.<\/pre>\n","protected":false},"excerpt":{"rendered":"<p>*** Fabriqu\u00e9 au Qu\u00e9bec *** Base carr\u00e9e 24&#215;24 avec poteau transportable par charriot \u00e9l\u00e9vateur.<\/p>\n","protected":false},"featured_media":27766,"template":"","meta":[],"product_brand":[],"product_cat":[389,421],"product_tag":[],"class_list":{"0":"post-10903","1":"product","2":"type-product","3":"status-publish","4":"has-post-thumbnail","6":"product_cat-signalisation-industrielle-et-circulation-sur-site","7":"product_cat-poteaux-supports-bases-accessoires","8":"pa_organization-ezsecur","9":"pa_sku-std-bas-car-cha-noi-2x2x60","10":"pa_unit-pcs","12":"first","13":"instock","14":"taxable","15":"shipping-taxable","16":"purchasable","17":"product-type-simple"},"_links":{"self":[{"href":"https:\/\/ezsecur.elsnerdev.com\/fr\/wp-json\/wp\/v2\/product\/10903","targetHints":{"allow":["GET"]}}],"collection":[{"href":"https:\/\/ezsecur.elsnerdev.com\/fr\/wp-json\/wp\/v2\/product"}],"about":[{"href":"https:\/\/ezsecur.elsnerdev.com\/fr\/wp-json\/wp\/v2\/types\/product"}],"wp:featuredmedia":[{"embeddable":true,"href":"https:\/\/ezsecur.elsnerdev.com\/fr\/wp-json\/wp\/v2\/media\/27766"}],"wp:attachment":[{"href":"https:\/\/ezsecur.elsnerdev.com\/fr\/wp-json\/wp\/v2\/media?parent=10903"}],"wp:term":[{"taxonomy":"product_brand","embeddable":true,"href":"https:\/\/ezsecur.elsnerdev.com\/fr\/wp-json\/wp\/v2\/product_brand?post=10903"},{"taxonomy":"product_cat","embeddable":true,"href":"https:\/\/ezsecur.elsnerdev.com\/fr\/wp-json\/wp\/v2\/product_cat?post=10903"},{"taxonomy":"product_tag","embeddable":true,"href":"https:\/\/ezsecur.elsnerdev.com\/fr\/wp-json\/wp\/v2\/product_tag?post=10903"}],"curies":[{"name":"wp","href":"https:\/\/api.w.org\/{rel}","templated":true}]}}