{"id":11147,"date":"2023-06-22T12:07:05","date_gmt":"2023-06-22T16:07:05","guid":{"rendered":"https:\/\/c55978fc42.nxcli.io\/?post_type=product&#038;p=11147"},"modified":"2026-03-03T01:23:11","modified_gmt":"2026-03-03T06:23:11","slug":"tableau-de-bord-magnetique-effacable-a-sec-recto-verso-sur-cadre-basculant-fini-lauzonite-cadre-en-acier-moulure-en-aluminium-anodise-96x48-standard","status":"publish","type":"product","link":"https:\/\/ezsecur.elsnerdev.com\/fr\/product\/tableau-de-bord-magnetique-effacable-a-sec-recto-verso-sur-cadre-basculant-fini-lauzonite-cadre-en-acier-moulure-en-aluminium-anodise-96x48-standard\/","title":{"rendered":"Tableau de bord magn\u00e9tique effa\u00e7able \u00e0 sec recto verso sur cadre basculant &#8211; Fini lauzonite &#8211; Cadre en acier &#8211; Moulure en aluminium anodis\u00e9 &#8211; 96&#215;48 &#8211; STANDARD"},"content":{"rendered":"<pre id=\"subvalue_PRODUCTCF11\" class=\"mL45 robotoRegular DV_textAreaLineClamp\" data-zcqa=\"value_Description - French\">Tableau de bord fini Lauzonite, recto verso, basculant, sur cadre en acier peinture cuite et roulettes\r\nRecto et verso blancs<\/pre>\n","protected":false},"excerpt":{"rendered":"<p>Tableau de bord fini Lauzonite, recto verso, basculant, sur cadre en acier peinture cuite et roulettes Recto et verso blancs<\/p>\n","protected":false},"featured_media":27788,"template":"","meta":[],"product_brand":[],"product_cat":[446,450],"product_tag":[],"class_list":{"0":"post-11147","1":"product","2":"type-product","3":"status-publish","4":"has-post-thumbnail","6":"product_cat-amelioration-continue","7":"product_cat-tableaux-de-bord-et-accessoires","8":"pa_organization-ezsecur","9":"pa_sku-std-tab-eff-recver-lau-cadr-96x48","10":"pa_unit-pcs","12":"first","13":"instock","14":"taxable","15":"shipping-taxable","16":"purchasable","17":"product-type-simple"},"_links":{"self":[{"href":"https:\/\/ezsecur.elsnerdev.com\/fr\/wp-json\/wp\/v2\/product\/11147","targetHints":{"allow":["GET"]}}],"collection":[{"href":"https:\/\/ezsecur.elsnerdev.com\/fr\/wp-json\/wp\/v2\/product"}],"about":[{"href":"https:\/\/ezsecur.elsnerdev.com\/fr\/wp-json\/wp\/v2\/types\/product"}],"wp:featuredmedia":[{"embeddable":true,"href":"https:\/\/ezsecur.elsnerdev.com\/fr\/wp-json\/wp\/v2\/media\/27788"}],"wp:attachment":[{"href":"https:\/\/ezsecur.elsnerdev.com\/fr\/wp-json\/wp\/v2\/media?parent=11147"}],"wp:term":[{"taxonomy":"product_brand","embeddable":true,"href":"https:\/\/ezsecur.elsnerdev.com\/fr\/wp-json\/wp\/v2\/product_brand?post=11147"},{"taxonomy":"product_cat","embeddable":true,"href":"https:\/\/ezsecur.elsnerdev.com\/fr\/wp-json\/wp\/v2\/product_cat?post=11147"},{"taxonomy":"product_tag","embeddable":true,"href":"https:\/\/ezsecur.elsnerdev.com\/fr\/wp-json\/wp\/v2\/product_tag?post=11147"}],"curies":[{"name":"wp","href":"https:\/\/api.w.org\/{rel}","templated":true}]}}