{"id":11155,"date":"2023-06-22T12:25:04","date_gmt":"2023-06-22T16:25:04","guid":{"rendered":"https:\/\/c55978fc42.nxcli.io\/?post_type=product&#038;p=11155"},"modified":"2026-03-03T01:23:12","modified_gmt":"2026-03-03T06:23:12","slug":"affiche-signalisation-temporairement-defectueuse-aluminium-0-080-vinyle-regulier-imprime-lamine-glace-36x48-standard-iz","status":"publish","type":"product","link":"https:\/\/ezsecur.elsnerdev.com\/fr\/product\/affiche-signalisation-temporairement-defectueuse-aluminium-0-080-vinyle-regulier-imprime-lamine-glace-36x48-standard-iz\/","title":{"rendered":"Affiche &#8211; Signalisation temporairement d\u00e9fectueuse &#8211; Aluminium 0.080 &#8211; Vinyle R\u00e9gulier Imprim\u00e9 Lamin\u00e9 Glac\u00e9 &#8211; 36&#215;48 &#8211; STANDARD IZ"},"content":{"rendered":"<p>*** Fabriqu\u00e9 au Qu\u00e9bec ***<\/p>\n<pre id=\"subvalue_PRODUCTCF11\" class=\"mL45 robotoRegular DV_textAreaLineClamp\" data-zcqa=\"value_Description - French\">Affiche en aluminium 0.080, vinyle r\u00e9gulier imprim\u00e9 lamin\u00e9 glac\u00e9.\r\nFond gris, lettrage noir, pictogrammes de couleurs. \r\nSIGNALISATION TEMPORAIREMENT D\u00c9FECTUEUSE, Pictogrammes ARR\u00caT, FEUX de couleurs et ATTENTION.<\/pre>\n","protected":false},"excerpt":{"rendered":"<p>*** Fabriqu\u00e9 au Qu\u00e9bec *** Affiche en aluminium 0.080, vinyle r\u00e9gulier imprim\u00e9 lamin\u00e9 glac\u00e9. Fond gris, lettrage noir, pictogrammes de couleurs. SIGNALISATION TEMPORAIREMENT D\u00c9FECTUEUSE, Pictogrammes ARR\u00caT,<span class=\"excerpt-hellip\"> [\u2026]<\/span><\/p>\n","protected":false},"featured_media":27789,"template":"","meta":[],"product_brand":[],"product_cat":[389,401],"product_tag":[],"class_list":{"0":"post-11155","1":"product","2":"type-product","3":"status-publish","4":"has-post-thumbnail","6":"product_cat-signalisation-industrielle-et-circulation-sur-site","7":"product_cat-affichage-industriel","8":"pa_organization-ezsecur","9":"pa_sku-std-aff-sigdef-080-reg-gla-36x48","10":"pa_unit-pcs","12":"first","13":"instock","14":"taxable","15":"shipping-taxable","16":"purchasable","17":"product-type-simple"},"_links":{"self":[{"href":"https:\/\/ezsecur.elsnerdev.com\/fr\/wp-json\/wp\/v2\/product\/11155","targetHints":{"allow":["GET"]}}],"collection":[{"href":"https:\/\/ezsecur.elsnerdev.com\/fr\/wp-json\/wp\/v2\/product"}],"about":[{"href":"https:\/\/ezsecur.elsnerdev.com\/fr\/wp-json\/wp\/v2\/types\/product"}],"wp:featuredmedia":[{"embeddable":true,"href":"https:\/\/ezsecur.elsnerdev.com\/fr\/wp-json\/wp\/v2\/media\/27789"}],"wp:attachment":[{"href":"https:\/\/ezsecur.elsnerdev.com\/fr\/wp-json\/wp\/v2\/media?parent=11155"}],"wp:term":[{"taxonomy":"product_brand","embeddable":true,"href":"https:\/\/ezsecur.elsnerdev.com\/fr\/wp-json\/wp\/v2\/product_brand?post=11155"},{"taxonomy":"product_cat","embeddable":true,"href":"https:\/\/ezsecur.elsnerdev.com\/fr\/wp-json\/wp\/v2\/product_cat?post=11155"},{"taxonomy":"product_tag","embeddable":true,"href":"https:\/\/ezsecur.elsnerdev.com\/fr\/wp-json\/wp\/v2\/product_tag?post=11155"}],"curies":[{"name":"wp","href":"https:\/\/api.w.org\/{rel}","templated":true}]}}