{"id":11159,"date":"2023-06-22T12:31:04","date_gmt":"2023-06-22T16:31:04","guid":{"rendered":"https:\/\/c55978fc42.nxcli.io\/?post_type=product&#038;p=11159"},"modified":"2026-03-03T01:23:12","modified_gmt":"2026-03-03T06:23:12","slug":"affiche-poste-incendie-recto-verso-porte-a-faux-aluminium-0-064-vinyle-grade-ingenieur-imprime-lamine-glace-12x12-standard","status":"publish","type":"product","link":"https:\/\/ezsecur.elsnerdev.com\/fr\/product\/affiche-poste-incendie-recto-verso-porte-a-faux-aluminium-0-064-vinyle-grade-ingenieur-imprime-lamine-glace-12x12-standard\/","title":{"rendered":"Affiche &#8211; POSTE INCENDIE &#8211; Recto verso &#8211; Porte-\u00e0-Faux &#8211; Aluminium 0.064 &#8211; Vinyle grade ing\u00e9nieur Imprim\u00e9 Lamin\u00e9 Glac\u00e9 &#8211; 12&#215;12 &#8211; STANDARD"},"content":{"rendered":"<pre id=\"subvalue_PRODUCTCF11\" class=\"mL45 robotoRegular DV_textAreaLineClamp\" data-zcqa=\"value_Description - French\">Pli de 2\" avec Foam-Tape et 3 trous 1\/4 pour installation en Porte-\u00e0-Faux. \r\nFond rouge, lettrage et pictogramme blanc. \r\nPOSTE INCENDIE, pictogramme.<\/pre>\n","protected":false},"excerpt":{"rendered":"<p>Pli de 2&Prime; avec Foam-Tape et 3 trous 1\/4 pour installation en Porte-\u00e0-Faux. Fond rouge, lettrage et pictogramme blanc. POSTE INCENDIE, pictogramme.<\/p>\n","protected":false},"featured_media":27790,"template":"","meta":[],"product_brand":[],"product_cat":[389,401],"product_tag":[],"class_list":{"0":"post-11159","1":"product","2":"type-product","3":"status-publish","4":"has-post-thumbnail","6":"product_cat-signalisation-industrielle-et-circulation-sur-site","7":"product_cat-affichage-industriel","8":"pa_organization-ezsecur","9":"pa_sku-std-aff-incen-rv-paf-064-ing-gla-12x12","10":"pa_unit-pcs","12":"first","13":"instock","14":"taxable","15":"shipping-taxable","16":"purchasable","17":"product-type-simple"},"_links":{"self":[{"href":"https:\/\/ezsecur.elsnerdev.com\/fr\/wp-json\/wp\/v2\/product\/11159","targetHints":{"allow":["GET"]}}],"collection":[{"href":"https:\/\/ezsecur.elsnerdev.com\/fr\/wp-json\/wp\/v2\/product"}],"about":[{"href":"https:\/\/ezsecur.elsnerdev.com\/fr\/wp-json\/wp\/v2\/types\/product"}],"wp:featuredmedia":[{"embeddable":true,"href":"https:\/\/ezsecur.elsnerdev.com\/fr\/wp-json\/wp\/v2\/media\/27790"}],"wp:attachment":[{"href":"https:\/\/ezsecur.elsnerdev.com\/fr\/wp-json\/wp\/v2\/media?parent=11159"}],"wp:term":[{"taxonomy":"product_brand","embeddable":true,"href":"https:\/\/ezsecur.elsnerdev.com\/fr\/wp-json\/wp\/v2\/product_brand?post=11159"},{"taxonomy":"product_cat","embeddable":true,"href":"https:\/\/ezsecur.elsnerdev.com\/fr\/wp-json\/wp\/v2\/product_cat?post=11159"},{"taxonomy":"product_tag","embeddable":true,"href":"https:\/\/ezsecur.elsnerdev.com\/fr\/wp-json\/wp\/v2\/product_tag?post=11159"}],"curies":[{"name":"wp","href":"https:\/\/api.w.org\/{rel}","templated":true}]}}