{"id":11175,"date":"2023-06-22T13:19:34","date_gmt":"2023-06-22T17:19:34","guid":{"rendered":"https:\/\/c55978fc42.nxcli.io\/?post_type=product&#038;p=11175"},"modified":"2026-03-03T01:23:13","modified_gmt":"2026-03-03T06:23:13","slug":"etiquette-identification-personnelle-de-cadenassage-banniere-13oz-4x2-75-standard-iz","status":"publish","type":"product","link":"https:\/\/ezsecur.elsnerdev.com\/fr\/product\/etiquette-identification-personnelle-de-cadenassage-banniere-13oz-4x2-75-standard-iz\/","title":{"rendered":"\u00c9tiquette identification personnelle de cadenassage &#8211; Banni\u00e8re 13oz &#8211; 4&#215;2.75 &#8211; STANDARD IZ"},"content":{"rendered":"<p>*** Fabriqu\u00e9 au Qu\u00e9bec ***<\/p>\n<p>\u00c9tiquette d&rsquo;identification personnelle pour proc\u00e9dure de cadenassage.<br \/>\nBanni\u00e8re 13oz, perforation 1\/4 en haut \u00e0 droite, \u0153illet en laiton.<br \/>\nFond jaune, zone d&rsquo;\u00e9criture fond blanc, lettrage noir.<br \/>\nCADENASSAGE, \u00c9TIQUETTE D&rsquo;IDENTIFICATION PERSONNELLE.<br \/>\nPrix unitaire pour un lot de 100.<\/p>\n","protected":false},"excerpt":{"rendered":"<p>*** Fabriqu\u00e9 au Qu\u00e9bec *** \u00c9tiquette d&rsquo;identification personnelle pour proc\u00e9dure de cadenassage. Banni\u00e8re 13oz, perforation 1\/4 en haut \u00e0 droite, \u0153illet en laiton. Fond jaune, zone<span class=\"excerpt-hellip\"> [\u2026]<\/span><\/p>\n","protected":false},"featured_media":27791,"template":"","meta":[],"product_brand":[],"product_cat":[425,442],"product_tag":[],"class_list":{"0":"post-11175","1":"product","2":"type-product","3":"status-publish","4":"has-post-thumbnail","6":"product_cat-securite-machine-verrouillage-cadenassage","7":"product_cat-etiquettes-imprimerie-specialisee-en-cadenassage","8":"pa_organization-ezsecur","9":"pa_sku-std-eid-ban13-4x2-75","10":"pa_unit-pcs","12":"first","13":"instock","14":"taxable","15":"shipping-taxable","16":"purchasable","17":"product-type-simple"},"_links":{"self":[{"href":"https:\/\/ezsecur.elsnerdev.com\/fr\/wp-json\/wp\/v2\/product\/11175","targetHints":{"allow":["GET"]}}],"collection":[{"href":"https:\/\/ezsecur.elsnerdev.com\/fr\/wp-json\/wp\/v2\/product"}],"about":[{"href":"https:\/\/ezsecur.elsnerdev.com\/fr\/wp-json\/wp\/v2\/types\/product"}],"wp:featuredmedia":[{"embeddable":true,"href":"https:\/\/ezsecur.elsnerdev.com\/fr\/wp-json\/wp\/v2\/media\/27791"}],"wp:attachment":[{"href":"https:\/\/ezsecur.elsnerdev.com\/fr\/wp-json\/wp\/v2\/media?parent=11175"}],"wp:term":[{"taxonomy":"product_brand","embeddable":true,"href":"https:\/\/ezsecur.elsnerdev.com\/fr\/wp-json\/wp\/v2\/product_brand?post=11175"},{"taxonomy":"product_cat","embeddable":true,"href":"https:\/\/ezsecur.elsnerdev.com\/fr\/wp-json\/wp\/v2\/product_cat?post=11175"},{"taxonomy":"product_tag","embeddable":true,"href":"https:\/\/ezsecur.elsnerdev.com\/fr\/wp-json\/wp\/v2\/product_tag?post=11175"}],"curies":[{"name":"wp","href":"https:\/\/api.w.org\/{rel}","templated":true}]}}