{"id":11187,"date":"2023-06-22T13:44:50","date_gmt":"2023-06-22T17:44:50","guid":{"rendered":"https:\/\/c55978fc42.nxcli.io\/?post_type=product&#038;p=11187"},"modified":"2026-03-03T01:23:14","modified_gmt":"2026-03-03T06:23:14","slug":"affiche-epi-obligatoire-aluminium-0-080-vinyle-grade-diamant-imprime-lamine-glace-48x96-standard-iz","status":"publish","type":"product","link":"https:\/\/ezsecur.elsnerdev.com\/fr\/product\/affiche-epi-obligatoire-aluminium-0-080-vinyle-grade-diamant-imprime-lamine-glace-48x96-standard-iz\/","title":{"rendered":"Affiche &#8211; EPI Obligatoire &#8211; Aluminium 0.080 &#8211; Vinyle Grade Diamant Imprim\u00e9 Lamin\u00e9 Glac\u00e9 &#8211; 48&#215;96 &#8211; STANDARD IZ"},"content":{"rendered":"<p>*** Fabriqu\u00e9 au Qu\u00e9bec ***<\/p>\n<pre id=\"subvalue_PRODUCTCF11\" class=\"mL45 robotoRegular DV_textAreaLineClamp\" data-zcqa=\"value_Description - French\">Affiche EPI g\u00e9ante en aluminium 0.125, vinyle grade diamant et avec cadre de renforcement. \r\nFond blanc et noir, lettrage blanc et noir, pictogrammes de couleur. \r\n\u00c0 PARTIR D\u2019ICI PORTEZ VOS EPI, LA S\u00c9CURIT\u00c9 AU TRAVAIL, PICTOGRAMMES : CASQUE, GILET, BOTTES, BOIS- SON, DROGUE, FUMER, TOL\u00c9RANCE Z\u00c9RO.<\/pre>\n<p>&nbsp;<\/p>\n","protected":false},"excerpt":{"rendered":"<p>*** Fabriqu\u00e9 au Qu\u00e9bec *** Affiche EPI g\u00e9ante en aluminium 0.125, vinyle grade diamant et avec cadre de renforcement. Fond blanc et noir, lettrage blanc et<span class=\"excerpt-hellip\"> [\u2026]<\/span><\/p>\n","protected":false},"featured_media":27793,"template":"","meta":[],"product_brand":[],"product_cat":[389,401],"product_tag":[],"class_list":{"0":"post-11187","1":"product","2":"type-product","3":"status-publish","4":"has-post-thumbnail","6":"product_cat-signalisation-industrielle-et-circulation-sur-site","7":"product_cat-affichage-industriel","8":"pa_organization-ezsecur","9":"pa_sku-std-aff-epi-080-dia-gla-48x96","10":"pa_unit-pcs","12":"first","13":"instock","14":"taxable","15":"shipping-taxable","16":"purchasable","17":"product-type-simple"},"_links":{"self":[{"href":"https:\/\/ezsecur.elsnerdev.com\/fr\/wp-json\/wp\/v2\/product\/11187","targetHints":{"allow":["GET"]}}],"collection":[{"href":"https:\/\/ezsecur.elsnerdev.com\/fr\/wp-json\/wp\/v2\/product"}],"about":[{"href":"https:\/\/ezsecur.elsnerdev.com\/fr\/wp-json\/wp\/v2\/types\/product"}],"wp:featuredmedia":[{"embeddable":true,"href":"https:\/\/ezsecur.elsnerdev.com\/fr\/wp-json\/wp\/v2\/media\/27793"}],"wp:attachment":[{"href":"https:\/\/ezsecur.elsnerdev.com\/fr\/wp-json\/wp\/v2\/media?parent=11187"}],"wp:term":[{"taxonomy":"product_brand","embeddable":true,"href":"https:\/\/ezsecur.elsnerdev.com\/fr\/wp-json\/wp\/v2\/product_brand?post=11187"},{"taxonomy":"product_cat","embeddable":true,"href":"https:\/\/ezsecur.elsnerdev.com\/fr\/wp-json\/wp\/v2\/product_cat?post=11187"},{"taxonomy":"product_tag","embeddable":true,"href":"https:\/\/ezsecur.elsnerdev.com\/fr\/wp-json\/wp\/v2\/product_tag?post=11187"}],"curies":[{"name":"wp","href":"https:\/\/api.w.org\/{rel}","templated":true}]}}