{"id":11220,"date":"2023-09-24T10:31:17","date_gmt":"2023-09-24T14:31:17","guid":{"rendered":"https:\/\/c55978fc42.nxcli.io\/?post_type=product&#038;p=11220"},"modified":"2026-03-03T01:23:16","modified_gmt":"2026-03-03T06:23:16","slug":"magnetic-board-occupational-health-and-safety-lauzonite-finish-black-pvc-border-two-clear-acrylic-doors-regular-vinyl-60x48-standard-iz","status":"publish","type":"product","link":"https:\/\/ezsecur.elsnerdev.com\/fr\/product\/magnetic-board-occupational-health-and-safety-lauzonite-finish-black-pvc-border-two-clear-acrylic-doors-regular-vinyl-60x48-standard-iz\/","title":{"rendered":"Tableau Magn\u00e9tique &#8211; Sant\u00e9 et s\u00e9curit\u00e9 au travail &#8211; Fini Lauzonite &#8211; Contour en PVC noir &#8211; Deux portes en acrylique claire &#8211; Vinyle r\u00e9gulier &#8211; 60&#215;48 &#8211; STANDARD IZ"},"content":{"rendered":"<p>*** Fabriqu\u00e9 au Qu\u00e9bec ***<\/p>\n<pre id=\"subvalue_PRODUCTCF11\" class=\"mL45 robotoRegular\" data-zcqa=\"value_Description - French\">Tableau de bord sant\u00e9 et s\u00e9curit\u00e9 60x48x7, comprenant:\r\n- Tableau Magn\u00e9tique fini Lauzonite;\r\n- Contour en PVC noir \r\n- Deux Porte en acrylique claire\r\n- Vinyle r\u00e9gulier d\u00e9coup\u00e9\r\n - 1 ensemble de 5 crayons et 1 brosse\r\n **5 choix de couleurs**\r\nVisuel: \u00e0 confirmer<\/pre>\n","protected":false},"excerpt":{"rendered":"<p>*** Fabriqu\u00e9 au Qu\u00e9bec *** Tableau de bord sant\u00e9 et s\u00e9curit\u00e9 60x48x7, comprenant: &#8211; Tableau Magn\u00e9tique fini Lauzonite; &#8211; Contour en PVC noir &#8211; Deux Porte<span class=\"excerpt-hellip\"> [\u2026]<\/span><\/p>\n","protected":false},"featured_media":27797,"template":"","meta":[],"product_brand":[],"product_cat":[446,450],"product_tag":[],"class_list":{"0":"post-11220","1":"product","2":"type-product","3":"status-publish","4":"has-post-thumbnail","6":"product_cat-amelioration-continue","7":"product_cat-tableaux-de-bord-et-accessoires","9":"first","10":"instock","11":"taxable","12":"shipping-taxable","13":"purchasable","14":"product-type-simple"},"_links":{"self":[{"href":"https:\/\/ezsecur.elsnerdev.com\/fr\/wp-json\/wp\/v2\/product\/11220","targetHints":{"allow":["GET"]}}],"collection":[{"href":"https:\/\/ezsecur.elsnerdev.com\/fr\/wp-json\/wp\/v2\/product"}],"about":[{"href":"https:\/\/ezsecur.elsnerdev.com\/fr\/wp-json\/wp\/v2\/types\/product"}],"wp:featuredmedia":[{"embeddable":true,"href":"https:\/\/ezsecur.elsnerdev.com\/fr\/wp-json\/wp\/v2\/media\/27797"}],"wp:attachment":[{"href":"https:\/\/ezsecur.elsnerdev.com\/fr\/wp-json\/wp\/v2\/media?parent=11220"}],"wp:term":[{"taxonomy":"product_brand","embeddable":true,"href":"https:\/\/ezsecur.elsnerdev.com\/fr\/wp-json\/wp\/v2\/product_brand?post=11220"},{"taxonomy":"product_cat","embeddable":true,"href":"https:\/\/ezsecur.elsnerdev.com\/fr\/wp-json\/wp\/v2\/product_cat?post=11220"},{"taxonomy":"product_tag","embeddable":true,"href":"https:\/\/ezsecur.elsnerdev.com\/fr\/wp-json\/wp\/v2\/product_tag?post=11220"}],"curies":[{"name":"wp","href":"https:\/\/api.w.org\/{rel}","templated":true}]}}