{"id":11248,"date":"2023-06-22T19:08:50","date_gmt":"2023-06-22T23:08:50","guid":{"rendered":"https:\/\/c55978fc42.nxcli.io\/?post_type=product&#038;p=11248"},"modified":"2026-03-03T01:23:19","modified_gmt":"2026-03-03T06:23:19","slug":"autocollant-extincteurs-vinyle-grade-ingenieur-lamine-glace-4x12-standard-iz","status":"publish","type":"product","link":"https:\/\/ezsecur.elsnerdev.com\/fr\/product\/autocollant-extincteurs-vinyle-grade-ingenieur-lamine-glace-4x12-standard-iz\/","title":{"rendered":"Autocollant &#8211; Extincteurs &#8211; Vinyle grade ing\u00e9nieur lamin\u00e9 glac\u00e9 &#8211; 4&#215;12 &#8211; STANDARD IZ"},"content":{"rendered":"<pre id=\"subvalue_PRODUCTCF11\" class=\"mL45 robotoRegular DV_textAreaLineClamp\" data-zcqa=\"value_Description - French\">Fond blanc et rouge, lettrage rouge \r\nVisuel:\r\nEXTINCTEUR\r\n Prix unitaire pour un lot de 10.<\/pre>\n","protected":false},"excerpt":{"rendered":"<p>Fond blanc et rouge, lettrage rouge Visuel: EXTINCTEUR Prix unitaire pour un lot de 10.<\/p>\n","protected":false},"featured_media":27804,"template":"","meta":[],"product_brand":[],"product_cat":[389,401],"product_tag":[],"class_list":{"0":"post-11248","1":"product","2":"type-product","3":"status-publish","4":"has-post-thumbnail","6":"product_cat-signalisation-industrielle-et-circulation-sur-site","7":"product_cat-affichage-industriel","8":"pa_organization-ezsecur","9":"pa_sku-std-aut-ext-ing-gla-4x12","10":"pa_unit-pcs","12":"first","13":"instock","14":"taxable","15":"shipping-taxable","16":"purchasable","17":"product-type-simple"},"_links":{"self":[{"href":"https:\/\/ezsecur.elsnerdev.com\/fr\/wp-json\/wp\/v2\/product\/11248","targetHints":{"allow":["GET"]}}],"collection":[{"href":"https:\/\/ezsecur.elsnerdev.com\/fr\/wp-json\/wp\/v2\/product"}],"about":[{"href":"https:\/\/ezsecur.elsnerdev.com\/fr\/wp-json\/wp\/v2\/types\/product"}],"wp:featuredmedia":[{"embeddable":true,"href":"https:\/\/ezsecur.elsnerdev.com\/fr\/wp-json\/wp\/v2\/media\/27804"}],"wp:attachment":[{"href":"https:\/\/ezsecur.elsnerdev.com\/fr\/wp-json\/wp\/v2\/media?parent=11248"}],"wp:term":[{"taxonomy":"product_brand","embeddable":true,"href":"https:\/\/ezsecur.elsnerdev.com\/fr\/wp-json\/wp\/v2\/product_brand?post=11248"},{"taxonomy":"product_cat","embeddable":true,"href":"https:\/\/ezsecur.elsnerdev.com\/fr\/wp-json\/wp\/v2\/product_cat?post=11248"},{"taxonomy":"product_tag","embeddable":true,"href":"https:\/\/ezsecur.elsnerdev.com\/fr\/wp-json\/wp\/v2\/product_tag?post=11248"}],"curies":[{"name":"wp","href":"https:\/\/api.w.org\/{rel}","templated":true}]}}