{"id":11304,"date":"2023-06-23T06:22:21","date_gmt":"2023-06-23T10:22:21","guid":{"rendered":"https:\/\/c55978fc42.nxcli.io\/?post_type=product&#038;p=11304"},"modified":"2026-03-03T01:23:25","modified_gmt":"2026-03-03T06:23:25","slug":"magnetic-dashboard-with-2-flaps-conference-room-lauzonite-finish-anodized-aluminum-molding-48x60-standard","status":"publish","type":"product","link":"https:\/\/ezsecur.elsnerdev.com\/fr\/product\/magnetic-dashboard-with-2-flaps-conference-room-lauzonite-finish-anodized-aluminum-molding-48x60-standard\/","title":{"rendered":"Tableau de bord magn\u00e9tique avec 2 volets &#8211; Salle de conf\u00e9rence &#8211; Fini Lauzonite &#8211; Moulure en aluminium anodis\u00e9 &#8211; 48&#215;60 &#8211; STANDARD"},"content":{"rendered":"<pre id=\"subvalue_PRODUCTCF11\" class=\"mL45 robotoRegular DV_textAreaLineClamp\" data-zcqa=\"value_Description - French\">Tableau de conf\u00e9rence avec boitier en m\u00e9lamine et 2 volets incluant:\r\n - 1 syst\u00e8me avec bloc-notes\r\n - 1 bac \u00e0 crayons\r\n - 1 ensemble de 5 crayons et 1 brosse\r\n \r\n **5 choix de couleurs**<\/pre>\n","protected":false},"excerpt":{"rendered":"<p>Tableau de conf\u00e9rence avec boitier en m\u00e9lamine et 2 volets incluant: &#8211; 1 syst\u00e8me avec bloc-notes &#8211; 1 bac \u00e0 crayons &#8211; 1 ensemble de 5<span class=\"excerpt-hellip\"> [\u2026]<\/span><\/p>\n","protected":false},"featured_media":27815,"template":"","meta":[],"product_brand":[],"product_cat":[446,450],"product_tag":[],"class_list":{"0":"post-11304","1":"product","2":"type-product","3":"status-publish","4":"has-post-thumbnail","6":"product_cat-amelioration-continue","7":"product_cat-tableaux-de-bord-et-accessoires","8":"pa_organization-ezsecur","9":"pa_sku-std-tab-2vol-conf-lau-48x60","10":"pa_unit-pcs","12":"first","13":"instock","14":"taxable","15":"shipping-taxable","16":"purchasable","17":"product-type-simple"},"_links":{"self":[{"href":"https:\/\/ezsecur.elsnerdev.com\/fr\/wp-json\/wp\/v2\/product\/11304","targetHints":{"allow":["GET"]}}],"collection":[{"href":"https:\/\/ezsecur.elsnerdev.com\/fr\/wp-json\/wp\/v2\/product"}],"about":[{"href":"https:\/\/ezsecur.elsnerdev.com\/fr\/wp-json\/wp\/v2\/types\/product"}],"wp:featuredmedia":[{"embeddable":true,"href":"https:\/\/ezsecur.elsnerdev.com\/fr\/wp-json\/wp\/v2\/media\/27815"}],"wp:attachment":[{"href":"https:\/\/ezsecur.elsnerdev.com\/fr\/wp-json\/wp\/v2\/media?parent=11304"}],"wp:term":[{"taxonomy":"product_brand","embeddable":true,"href":"https:\/\/ezsecur.elsnerdev.com\/fr\/wp-json\/wp\/v2\/product_brand?post=11304"},{"taxonomy":"product_cat","embeddable":true,"href":"https:\/\/ezsecur.elsnerdev.com\/fr\/wp-json\/wp\/v2\/product_cat?post=11304"},{"taxonomy":"product_tag","embeddable":true,"href":"https:\/\/ezsecur.elsnerdev.com\/fr\/wp-json\/wp\/v2\/product_tag?post=11304"}],"curies":[{"name":"wp","href":"https:\/\/api.w.org\/{rel}","templated":true}]}}