{"id":11325,"date":"2023-06-23T06:52:56","date_gmt":"2023-06-23T10:52:56","guid":{"rendered":"https:\/\/c55978fc42.nxcli.io\/?post_type=product&#038;p=11325"},"modified":"2026-03-03T01:23:30","modified_gmt":"2026-03-03T06:23:30","slug":"tableau-de-bord-magnetique-fini-lauzonite-moulure-en-aluminium-anodise-lettrage-en-vinyle-36x36-standard-iz","status":"publish","type":"product","link":"https:\/\/ezsecur.elsnerdev.com\/fr\/product\/tableau-de-bord-magnetique-fini-lauzonite-moulure-en-aluminium-anodise-lettrage-en-vinyle-36x36-standard-iz\/","title":{"rendered":"Tableau de bord magn\u00e9tique &#8211; Fini Lauzonite &#8211; Moulure en aluminium anodis\u00e9 &#8211; Lettrage en vinyle &#8211; 36&#215;36 &#8211; STANDARD IZ"},"content":{"rendered":"<p>*** Fabriqu\u00e9 au Qu\u00e9bec ***<\/p>\n<pre id=\"subvalue_PRODUCTCF11\" class=\"mL45 robotoRegular DV_textAreaLineClamp\" data-zcqa=\"value_Description - French\">Lettrage et lignage en vinyle imprim\u00e9 d\u00e9coup\u00e9, \r\nlaminage effa\u00e7able \u00e0 sec, \r\nauget 16\", \r\nkit efface crayon, \r\nkit d'installation murale \r\nVISUEL \u00c0 CONFIRMER<\/pre>\n","protected":false},"excerpt":{"rendered":"<p>*** Fabriqu\u00e9 au Qu\u00e9bec *** Lettrage et lignage en vinyle imprim\u00e9 d\u00e9coup\u00e9, laminage effa\u00e7able \u00e0 sec, auget 16&Prime;, kit efface crayon, kit d&rsquo;installation murale VISUEL \u00c0<span class=\"excerpt-hellip\"> [\u2026]<\/span><\/p>\n","protected":false},"featured_media":27820,"template":"","meta":[],"product_brand":[],"product_cat":[446,450],"product_tag":[],"class_list":{"0":"post-11325","1":"product","2":"type-product","3":"status-publish","4":"has-post-thumbnail","6":"product_cat-amelioration-continue","7":"product_cat-tableaux-de-bord-et-accessoires","8":"pa_organization-ezsecur","9":"pa_sku-std-tab-lau-36x36","10":"pa_unit-pcs","12":"first","13":"instock","14":"taxable","15":"shipping-taxable","16":"purchasable","17":"product-type-simple"},"_links":{"self":[{"href":"https:\/\/ezsecur.elsnerdev.com\/fr\/wp-json\/wp\/v2\/product\/11325","targetHints":{"allow":["GET"]}}],"collection":[{"href":"https:\/\/ezsecur.elsnerdev.com\/fr\/wp-json\/wp\/v2\/product"}],"about":[{"href":"https:\/\/ezsecur.elsnerdev.com\/fr\/wp-json\/wp\/v2\/types\/product"}],"wp:featuredmedia":[{"embeddable":true,"href":"https:\/\/ezsecur.elsnerdev.com\/fr\/wp-json\/wp\/v2\/media\/27820"}],"wp:attachment":[{"href":"https:\/\/ezsecur.elsnerdev.com\/fr\/wp-json\/wp\/v2\/media?parent=11325"}],"wp:term":[{"taxonomy":"product_brand","embeddable":true,"href":"https:\/\/ezsecur.elsnerdev.com\/fr\/wp-json\/wp\/v2\/product_brand?post=11325"},{"taxonomy":"product_cat","embeddable":true,"href":"https:\/\/ezsecur.elsnerdev.com\/fr\/wp-json\/wp\/v2\/product_cat?post=11325"},{"taxonomy":"product_tag","embeddable":true,"href":"https:\/\/ezsecur.elsnerdev.com\/fr\/wp-json\/wp\/v2\/product_tag?post=11325"}],"curies":[{"name":"wp","href":"https:\/\/api.w.org\/{rel}","templated":true}]}}