{"id":11342,"date":"2023-06-23T11:43:45","date_gmt":"2023-06-23T15:43:45","guid":{"rendered":"https:\/\/c55978fc42.nxcli.io\/?post_type=product&#038;p=11342"},"modified":"2026-03-03T01:23:32","modified_gmt":"2026-03-03T06:23:32","slug":"affiche-attention-pieton-porte-a-faux-recto-verso-aluminium-0-064-vinyle-regulier-imprime-lamine-glace-12x18-standard","status":"publish","type":"product","link":"https:\/\/ezsecur.elsnerdev.com\/fr\/product\/affiche-attention-pieton-porte-a-faux-recto-verso-aluminium-0-064-vinyle-regulier-imprime-lamine-glace-12x18-standard\/","title":{"rendered":"Affiche &#8211; Attention pi\u00e9ton &#8211; Porte-\u00e0-Faux &#8211; Recto Verso &#8211; Aluminium 0.064 &#8211; Vinyle r\u00e9gulier Imprim\u00e9 Lamin\u00e9 Glac\u00e9 &#8211; 12&#215;18 &#8211; STANDARD"},"content":{"rendered":"<p>*** Fabriqu\u00e9 au Qu\u00e9bec ***<\/p>\n<pre id=\"subvalue_PRODUCTCF11\" class=\"mL45 robotoRegular DV_textAreaLineClamp\" data-zcqa=\"value_Description - French\">Aluminium 0.064, vinyle r\u00e9gulier imprim\u00e9 lamin\u00e9 glac\u00e9, pli de 2\" pour installation en Porte-\u00e0-faux.<\/pre>\n","protected":false},"excerpt":{"rendered":"<p>*** Fabriqu\u00e9 au Qu\u00e9bec *** Aluminium 0.064, vinyle r\u00e9gulier imprim\u00e9 lamin\u00e9 glac\u00e9, pli de 2&Prime; pour installation en Porte-\u00e0-faux.<\/p>\n","protected":false},"featured_media":27823,"template":"","meta":[],"product_brand":[],"product_cat":[389,401],"product_tag":[],"class_list":{"0":"post-11342","1":"product","2":"type-product","3":"status-publish","4":"has-post-thumbnail","6":"product_cat-signalisation-industrielle-et-circulation-sur-site","7":"product_cat-affichage-industriel","8":"pa_organization-ezsecur","9":"pa_sku-std-aff-attpie-paf-rv-gla-12x18","10":"pa_unit-pcs","12":"first","13":"instock","14":"taxable","15":"shipping-taxable","16":"purchasable","17":"product-type-simple"},"_links":{"self":[{"href":"https:\/\/ezsecur.elsnerdev.com\/fr\/wp-json\/wp\/v2\/product\/11342","targetHints":{"allow":["GET"]}}],"collection":[{"href":"https:\/\/ezsecur.elsnerdev.com\/fr\/wp-json\/wp\/v2\/product"}],"about":[{"href":"https:\/\/ezsecur.elsnerdev.com\/fr\/wp-json\/wp\/v2\/types\/product"}],"wp:featuredmedia":[{"embeddable":true,"href":"https:\/\/ezsecur.elsnerdev.com\/fr\/wp-json\/wp\/v2\/media\/27823"}],"wp:attachment":[{"href":"https:\/\/ezsecur.elsnerdev.com\/fr\/wp-json\/wp\/v2\/media?parent=11342"}],"wp:term":[{"taxonomy":"product_brand","embeddable":true,"href":"https:\/\/ezsecur.elsnerdev.com\/fr\/wp-json\/wp\/v2\/product_brand?post=11342"},{"taxonomy":"product_cat","embeddable":true,"href":"https:\/\/ezsecur.elsnerdev.com\/fr\/wp-json\/wp\/v2\/product_cat?post=11342"},{"taxonomy":"product_tag","embeddable":true,"href":"https:\/\/ezsecur.elsnerdev.com\/fr\/wp-json\/wp\/v2\/product_tag?post=11342"}],"curies":[{"name":"wp","href":"https:\/\/api.w.org\/{rel}","templated":true}]}}