{"id":11354,"date":"2023-06-23T12:04:21","date_gmt":"2023-06-23T16:04:21","guid":{"rendered":"https:\/\/c55978fc42.nxcli.io\/?post_type=product&#038;p=11354"},"modified":"2026-03-03T01:23:33","modified_gmt":"2026-03-03T06:23:33","slug":"affiche-danger-equipement-mobile-aluminium-0-064-vinyle-grade-ingenieur-lamine-glace-20x28-standard-iz","status":"publish","type":"product","link":"https:\/\/ezsecur.elsnerdev.com\/fr\/product\/affiche-danger-equipement-mobile-aluminium-0-064-vinyle-grade-ingenieur-lamine-glace-20x28-standard-iz\/","title":{"rendered":"Affiche &#8211; Danger \u00e9quipement mobile &#8211; Aluminium 064 &#8211; Vinyle Grade Ing\u00e9nieur &#8211; Dimension 20&#215;28 &#8211; Standard"},"content":{"rendered":"<p>Affiche standard danger \u00e9quipement mobile en op\u00e9ration<br \/>\nDimensions 20&#215;28<br \/>\nAluminium 0.064<br \/>\nVinyle grade ing\u00e9nieur<br \/>\nImpression UV<br \/>\nFond Jaune<br \/>\nLettrage: Noir et blanc<br \/>\nVisuel:: DANGER EQUIPEMENT MOBILE EN OP\u00c9RATION. TOUJOURS \u00c9TABLIR UN CONTACT VISUEL POSITIF AVANT DE VOUS ENGAGER SUR CE PASSAGE + Pictogramme Chariot et pi\u00e9ton (Contact positif)<\/p>\n<p>Prix \u00e0 l&rsquo;unit\u00e9<\/p>\n","protected":false},"excerpt":{"rendered":"<p>Affiche standard danger \u00e9quipement mobile en op\u00e9ration Dimensions 20&#215;28 Aluminium 0.064 Vinyle grade ing\u00e9nieur Impression UV Fond Jaune Lettrage: Noir et blanc Visuel:: DANGER EQUIPEMENT MOBILE<span class=\"excerpt-hellip\"> [\u2026]<\/span><\/p>\n","protected":false},"featured_media":27825,"template":"","meta":[],"product_brand":[],"product_cat":[389,401],"product_tag":[],"class_list":{"0":"post-11354","1":"product","2":"type-product","3":"status-publish","4":"has-post-thumbnail","6":"product_cat-signalisation-industrielle-et-circulation-sur-site","7":"product_cat-affichage-industriel","8":"pa_organization-ezsecur","9":"pa_sku-std-aff-dangmo-ing-gla-20x28","10":"pa_unit-pcs","12":"first","13":"instock","14":"taxable","15":"shipping-taxable","16":"purchasable","17":"product-type-simple"},"_links":{"self":[{"href":"https:\/\/ezsecur.elsnerdev.com\/fr\/wp-json\/wp\/v2\/product\/11354","targetHints":{"allow":["GET"]}}],"collection":[{"href":"https:\/\/ezsecur.elsnerdev.com\/fr\/wp-json\/wp\/v2\/product"}],"about":[{"href":"https:\/\/ezsecur.elsnerdev.com\/fr\/wp-json\/wp\/v2\/types\/product"}],"wp:featuredmedia":[{"embeddable":true,"href":"https:\/\/ezsecur.elsnerdev.com\/fr\/wp-json\/wp\/v2\/media\/27825"}],"wp:attachment":[{"href":"https:\/\/ezsecur.elsnerdev.com\/fr\/wp-json\/wp\/v2\/media?parent=11354"}],"wp:term":[{"taxonomy":"product_brand","embeddable":true,"href":"https:\/\/ezsecur.elsnerdev.com\/fr\/wp-json\/wp\/v2\/product_brand?post=11354"},{"taxonomy":"product_cat","embeddable":true,"href":"https:\/\/ezsecur.elsnerdev.com\/fr\/wp-json\/wp\/v2\/product_cat?post=11354"},{"taxonomy":"product_tag","embeddable":true,"href":"https:\/\/ezsecur.elsnerdev.com\/fr\/wp-json\/wp\/v2\/product_tag?post=11354"}],"curies":[{"name":"wp","href":"https:\/\/api.w.org\/{rel}","templated":true}]}}