{"id":11386,"date":"2023-06-23T13:11:41","date_gmt":"2023-06-23T17:11:41","guid":{"rendered":"https:\/\/c55978fc42.nxcli.io\/?post_type=product&#038;p=11386"},"modified":"2026-03-03T01:23:36","modified_gmt":"2026-03-03T06:23:36","slug":"affiche-lettrage-miroir-attention-approche-ou-depart-du-quai-acier-galvanise-14g-vinyle-regulier-imprime-lamine-glace-32-5x21-75-standard-iz","status":"publish","type":"product","link":"https:\/\/ezsecur.elsnerdev.com\/fr\/product\/affiche-lettrage-miroir-attention-approche-ou-depart-du-quai-acier-galvanise-14g-vinyle-regulier-imprime-lamine-glace-32-5x21-75-standard-iz\/","title":{"rendered":"Affiche &#8211; LETTRAGE MIROIR &#8211; Attention, approche ou d\u00e9part du quai &#8211; Acier galvanis\u00e9 14G &#8211; Vinyle r\u00e9gulier imprim\u00e9 lamin\u00e9 glac\u00e9 &#8211; 32.5&#215;21.75 &#8211; STANDARD IZ"},"content":{"rendered":"<p>*** Fabriqu\u00e9 au Qu\u00e9bec ***<\/p>\n<pre id=\"subvalue_PRODUCTCF11\" class=\"mL45 robotoRegular DV_textAreaLineClamp\" data-zcqa=\"value_Description - French\">Fond blanc, lettrage noir et rouge. \r\nLETTRAGE EN MIROIR: \r\nATTENTION APPROCHE OU D\u00c9PART DU QUAI AU FEU VERT SEULEMENT, BACK IN OR PULL OUT DOCK ON GREEN LIGHT ONLY.<\/pre>\n","protected":false},"excerpt":{"rendered":"<p>*** Fabriqu\u00e9 au Qu\u00e9bec *** Fond blanc, lettrage noir et rouge. LETTRAGE EN MIROIR: ATTENTION APPROCHE OU D\u00c9PART DU QUAI AU FEU VERT SEULEMENT, BACK IN<span class=\"excerpt-hellip\"> [\u2026]<\/span><\/p>\n","protected":false},"featured_media":27831,"template":"","meta":[],"product_brand":[],"product_cat":[389,401],"product_tag":[],"class_list":{"0":"post-11386","1":"product","2":"type-product","3":"status-publish","4":"has-post-thumbnail","6":"product_cat-signalisation-industrielle-et-circulation-sur-site","7":"product_cat-affichage-industriel","8":"pa_organization-ezsecur","9":"pa_sku-std-aff-mir-quai-aci-14g-galv-reg-gla-32-5x21-75","10":"pa_unit-pcs","12":"first","13":"instock","14":"taxable","15":"shipping-taxable","16":"purchasable","17":"product-type-simple"},"_links":{"self":[{"href":"https:\/\/ezsecur.elsnerdev.com\/fr\/wp-json\/wp\/v2\/product\/11386","targetHints":{"allow":["GET"]}}],"collection":[{"href":"https:\/\/ezsecur.elsnerdev.com\/fr\/wp-json\/wp\/v2\/product"}],"about":[{"href":"https:\/\/ezsecur.elsnerdev.com\/fr\/wp-json\/wp\/v2\/types\/product"}],"wp:featuredmedia":[{"embeddable":true,"href":"https:\/\/ezsecur.elsnerdev.com\/fr\/wp-json\/wp\/v2\/media\/27831"}],"wp:attachment":[{"href":"https:\/\/ezsecur.elsnerdev.com\/fr\/wp-json\/wp\/v2\/media?parent=11386"}],"wp:term":[{"taxonomy":"product_brand","embeddable":true,"href":"https:\/\/ezsecur.elsnerdev.com\/fr\/wp-json\/wp\/v2\/product_brand?post=11386"},{"taxonomy":"product_cat","embeddable":true,"href":"https:\/\/ezsecur.elsnerdev.com\/fr\/wp-json\/wp\/v2\/product_cat?post=11386"},{"taxonomy":"product_tag","embeddable":true,"href":"https:\/\/ezsecur.elsnerdev.com\/fr\/wp-json\/wp\/v2\/product_tag?post=11386"}],"curies":[{"name":"wp","href":"https:\/\/api.w.org\/{rel}","templated":true}]}}