{"id":11403,"date":"2023-06-23T16:12:03","date_gmt":"2023-06-23T20:12:03","guid":{"rendered":"https:\/\/c55978fc42.nxcli.io\/?post_type=product&#038;p=11403"},"modified":"2026-03-03T01:23:38","modified_gmt":"2026-03-03T06:23:38","slug":"standard-plaque-identification-laiton-perfore-2x1-25-standard-iz","status":"publish","type":"product","link":"https:\/\/ezsecur.elsnerdev.com\/fr\/product\/standard-plaque-identification-laiton-perfore-2x1-25-standard-iz\/","title":{"rendered":"Plaque identification laiton perfor\u00e9 &#8211; Lot de 25 &#8211; 2&#215;1.25 &#8211; STANDARD IZ"},"content":{"rendered":"<p>Plaque en laiton<br \/>\nDimension: 2&#215;1.25<br \/>\nForme ovale<br \/>\nPerfor\u00e9 aux extr\u00e9mit\u00e9s<br \/>\nEstamp\u00e9 noir<br \/>\nVisuel \u00e0 confirmer<\/p>\n<p>Prix pour un lot de 25<\/p>\n","protected":false},"excerpt":{"rendered":"<p>Plaque en laiton Dimension: 2&#215;1.25 Forme ovale Perfor\u00e9 aux extr\u00e9mit\u00e9s Estamp\u00e9 noir Visuel \u00e0 confirmer Prix pour un lot de 25<\/p>\n","protected":false},"featured_media":27835,"template":"","meta":[],"product_brand":[],"product_cat":[446,462],"product_tag":[],"class_list":{"0":"post-11403","1":"product","2":"type-product","3":"status-publish","4":"has-post-thumbnail","6":"product_cat-amelioration-continue","7":"product_cat-etiquettes-didentification-carnets-de-bord-carnets-dinspection-formulaires","8":"pa_organization-ezsecur","9":"pa_unit-pc","11":"first","12":"instock","13":"taxable","14":"shipping-taxable","15":"purchasable","16":"product-type-simple"},"_links":{"self":[{"href":"https:\/\/ezsecur.elsnerdev.com\/fr\/wp-json\/wp\/v2\/product\/11403","targetHints":{"allow":["GET"]}}],"collection":[{"href":"https:\/\/ezsecur.elsnerdev.com\/fr\/wp-json\/wp\/v2\/product"}],"about":[{"href":"https:\/\/ezsecur.elsnerdev.com\/fr\/wp-json\/wp\/v2\/types\/product"}],"wp:featuredmedia":[{"embeddable":true,"href":"https:\/\/ezsecur.elsnerdev.com\/fr\/wp-json\/wp\/v2\/media\/27835"}],"wp:attachment":[{"href":"https:\/\/ezsecur.elsnerdev.com\/fr\/wp-json\/wp\/v2\/media?parent=11403"}],"wp:term":[{"taxonomy":"product_brand","embeddable":true,"href":"https:\/\/ezsecur.elsnerdev.com\/fr\/wp-json\/wp\/v2\/product_brand?post=11403"},{"taxonomy":"product_cat","embeddable":true,"href":"https:\/\/ezsecur.elsnerdev.com\/fr\/wp-json\/wp\/v2\/product_cat?post=11403"},{"taxonomy":"product_tag","embeddable":true,"href":"https:\/\/ezsecur.elsnerdev.com\/fr\/wp-json\/wp\/v2\/product_tag?post=11403"}],"curies":[{"name":"wp","href":"https:\/\/api.w.org\/{rel}","templated":true}]}}